{"id":28858,"date":"2021-09-29T15:52:23","date_gmt":"2021-09-29T13:52:23","guid":{"rendered":"https:\/\/didattica.di.unipi.it\/?page_id=28858"},"modified":"2025-12-15T17:53:13","modified_gmt":"2025-12-15T16:53:13","slug":"double-degree-programme-with-paris-dauphine","status":"publish","type":"page","link":"https:\/\/didattica.di.unipi.it\/en\/master-programme-in-data-science-and-business-informatics\/double-degree-programme-with-paris-dauphine\/","title":{"rendered":"Double Degree programme with Paris-Dauphine"},"content":{"rendered":"<p>The <em>double degree<\/em> is the outcome of an integrated program whose curriculum is jointly designed by two universities and governed by a specific agreement. Upon completion of the program, students obtain two separate degrees, one from the University of Pisa and one from the partner university. Double degrees are an attractive opportunity for students wishing to study abroad and are useful to pursue international careers in the unified European market.<\/p>\n<p>The Master&#8217;s Degree Program in Data Science and Business Informatics has agreed a double degree with the Master&#8217;s Degree Program in Organizational Computer Science, covering the 1st Year Master&#8217;s Degree Program (Informatique pour la D\u00e9cisionnelle) and 2nd Year Master&#8217;s Degree (MIAGE) programs (Informatique D\u00e9cisionnelle de la 2\u00e8me ann\u00e9e de Master) at the <a href=\"https:\/\/dauphine.psl.eu\/\">Universit\u00e9 Paris-Dauphine<\/a> (France). Access is restricted to a maximum of five students per year enrolled in Data Science and Business Informatics, who must complete a study plan that includes the first year in Pisa and the second in Paris, whose template is available below:<\/p>\n<p><a href=\"https:\/\/didattica.di.unipi.it\/wp-content\/uploads\/sites\/2\/2022\/08\/convWBD-UPD.xlsx\">Study Plan for the Double Degree in Data Science and Business Informatics<\/a> \u2013 Master in Organizational Computer Science<\/p>\n<p data-start=\"1301\" data-end=\"1503\">\u26a0\ufe0f <span data-olk-copy-source=\"MessageBody\">Most courses taught in Paris-Dauphine are taught in French; exceptions vary from year to year and can be explored in more detail when submitting the study plan.<\/span><\/p>\n<p data-start=\"1301\" data-end=\"1503\"><span data-olk-copy-source=\"MessageBody\">Interested students should carefully read the <a href=\"https:\/\/didattica.di.unipi.it\/wp-content\/uploads\/sites\/2\/2023\/03\/regdd.pdf\">Double Degree Regulations<\/a> to verify the strict requirements for admission to the program and to contact the Program Director. If more than five applications are received, a selection process will be activated.<\/span><\/p>\n","protected":false},"excerpt":{"rendered":"<p>The double degree is the outcome of an integrated program whose curriculum is jointly designed by two universities and governed&hellip;<\/p>\n<p><a class=\"btn btn-dark btn-sm unipi-read-more-link\" href=\"https:\/\/didattica.di.unipi.it\/en\/master-programme-in-data-science-and-business-informatics\/double-degree-programme-with-paris-dauphine\/\">Read More&#8230;<\/a><\/p>\n","protected":false},"author":588,"featured_media":0,"parent":12304,"menu_order":0,"comment_status":"closed","ping_status":"closed","template":"","meta":{"_acf_changed":false,"footnotes":""},"class_list":["post-28858","page","type-page","status-publish","hentry"],"yoast_head":"<!-- This site is optimized with the Yoast SEO plugin v27.4 - https:\/\/yoast.com\/product\/yoast-seo-wordpress\/ -->\n<title>Double Degree programme with Paris-Dauphine - Area Didattica - Dipartimento di Informatica<\/title>\n<meta name=\"robots\" content=\"index, follow, max-snippet:-1, max-image-preview:large, max-video-preview:-1\" \/>\n<link rel=\"canonical\" href=\"https:\/\/didattica.di.unipi.it\/en\/master-programme-in-data-science-and-business-informatics\/double-degree-programme-with-paris-dauphine\/\" \/>\n<meta property=\"og:locale\" content=\"en_US\" \/>\n<meta property=\"og:type\" content=\"article\" \/>\n<meta property=\"og:title\" content=\"Double Degree programme with Paris-Dauphine - Area Didattica - Dipartimento di Informatica\" \/>\n<meta property=\"og:description\" content=\"The double degree is the outcome of an integrated program whose curriculum is jointly designed by two universities and governed&hellip;Read More...\" \/>\n<meta property=\"og:url\" content=\"https:\/\/didattica.di.unipi.it\/en\/master-programme-in-data-science-and-business-informatics\/double-degree-programme-with-paris-dauphine\/\" \/>\n<meta property=\"og:site_name\" content=\"Area Didattica - Dipartimento di Informatica\" \/>\n<meta property=\"article:modified_time\" content=\"2025-12-15T16:53:13+00:00\" \/>\n<meta name=\"twitter:card\" content=\"summary_large_image\" \/>\n<meta name=\"twitter:label1\" content=\"Est. reading time\" \/>\n\t<meta name=\"twitter:data1\" content=\"2 minutes\" \/>\n<script type=\"application\/ld+json\" class=\"yoast-schema-graph\">{\"@context\":\"https:\\\/\\\/schema.org\",\"@graph\":[{\"@type\":\"WebPage\",\"@id\":\"https:\\\/\\\/didattica.di.unipi.it\\\/en\\\/master-programme-in-data-science-and-business-informatics\\\/double-degree-programme-with-paris-dauphine\\\/\",\"url\":\"https:\\\/\\\/didattica.di.unipi.it\\\/en\\\/master-programme-in-data-science-and-business-informatics\\\/double-degree-programme-with-paris-dauphine\\\/\",\"name\":\"Double Degree programme with Paris-Dauphine - Area Didattica - Dipartimento di Informatica\",\"isPartOf\":{\"@id\":\"https:\\\/\\\/didattica.di.unipi.it\\\/en\\\/#website\"},\"datePublished\":\"2021-09-29T13:52:23+00:00\",\"dateModified\":\"2025-12-15T16:53:13+00:00\",\"breadcrumb\":{\"@id\":\"https:\\\/\\\/didattica.di.unipi.it\\\/en\\\/master-programme-in-data-science-and-business-informatics\\\/double-degree-programme-with-paris-dauphine\\\/#breadcrumb\"},\"inLanguage\":\"en-US\",\"potentialAction\":[{\"@type\":\"ReadAction\",\"target\":[\"https:\\\/\\\/didattica.di.unipi.it\\\/en\\\/master-programme-in-data-science-and-business-informatics\\\/double-degree-programme-with-paris-dauphine\\\/\"]}]},{\"@type\":\"BreadcrumbList\",\"@id\":\"https:\\\/\\\/didattica.di.unipi.it\\\/en\\\/master-programme-in-data-science-and-business-informatics\\\/double-degree-programme-with-paris-dauphine\\\/#breadcrumb\",\"itemListElement\":[{\"@type\":\"ListItem\",\"position\":1,\"name\":\"Home\",\"item\":\"https:\\\/\\\/didattica.di.unipi.it\\\/en\\\/\"},{\"@type\":\"ListItem\",\"position\":2,\"name\":\"Master programme in Data Science and Business Informatics\",\"item\":\"https:\\\/\\\/didattica.di.unipi.it\\\/en\\\/master-programme-in-data-science-and-business-informatics\\\/\"},{\"@type\":\"ListItem\",\"position\":3,\"name\":\"Double Degree programme with Paris-Dauphine\"}]},{\"@type\":\"WebSite\",\"@id\":\"https:\\\/\\\/didattica.di.unipi.it\\\/en\\\/#website\",\"url\":\"https:\\\/\\\/didattica.di.unipi.it\\\/en\\\/\",\"name\":\"Area Didattica - Dipartimento di Informatica\",\"description\":\"Ecco un altro sito Dipartimento di Informatica siti\",\"potentialAction\":[{\"@type\":\"SearchAction\",\"target\":{\"@type\":\"EntryPoint\",\"urlTemplate\":\"https:\\\/\\\/didattica.di.unipi.it\\\/en\\\/?s={search_term_string}\"},\"query-input\":{\"@type\":\"PropertyValueSpecification\",\"valueRequired\":true,\"valueName\":\"search_term_string\"}}],\"inLanguage\":\"en-US\"}]}<\/script>\n<!-- \/ Yoast SEO plugin. -->","yoast_head_json":{"title":"Double Degree programme with Paris-Dauphine - Area Didattica - Dipartimento di Informatica","robots":{"index":"index","follow":"follow","max-snippet":"max-snippet:-1","max-image-preview":"max-image-preview:large","max-video-preview":"max-video-preview:-1"},"canonical":"https:\/\/didattica.di.unipi.it\/en\/master-programme-in-data-science-and-business-informatics\/double-degree-programme-with-paris-dauphine\/","og_locale":"en_US","og_type":"article","og_title":"Double Degree programme with Paris-Dauphine - Area Didattica - Dipartimento di Informatica","og_description":"The double degree is the outcome of an integrated program whose curriculum is jointly designed by two universities and governed&hellip;Read More...","og_url":"https:\/\/didattica.di.unipi.it\/en\/master-programme-in-data-science-and-business-informatics\/double-degree-programme-with-paris-dauphine\/","og_site_name":"Area Didattica - Dipartimento di Informatica","article_modified_time":"2025-12-15T16:53:13+00:00","twitter_card":"summary_large_image","twitter_misc":{"Est. reading time":"2 minutes"},"schema":{"@context":"https:\/\/schema.org","@graph":[{"@type":"WebPage","@id":"https:\/\/didattica.di.unipi.it\/en\/master-programme-in-data-science-and-business-informatics\/double-degree-programme-with-paris-dauphine\/","url":"https:\/\/didattica.di.unipi.it\/en\/master-programme-in-data-science-and-business-informatics\/double-degree-programme-with-paris-dauphine\/","name":"Double Degree programme with Paris-Dauphine - Area Didattica - Dipartimento di Informatica","isPartOf":{"@id":"https:\/\/didattica.di.unipi.it\/en\/#website"},"datePublished":"2021-09-29T13:52:23+00:00","dateModified":"2025-12-15T16:53:13+00:00","breadcrumb":{"@id":"https:\/\/didattica.di.unipi.it\/en\/master-programme-in-data-science-and-business-informatics\/double-degree-programme-with-paris-dauphine\/#breadcrumb"},"inLanguage":"en-US","potentialAction":[{"@type":"ReadAction","target":["https:\/\/didattica.di.unipi.it\/en\/master-programme-in-data-science-and-business-informatics\/double-degree-programme-with-paris-dauphine\/"]}]},{"@type":"BreadcrumbList","@id":"https:\/\/didattica.di.unipi.it\/en\/master-programme-in-data-science-and-business-informatics\/double-degree-programme-with-paris-dauphine\/#breadcrumb","itemListElement":[{"@type":"ListItem","position":1,"name":"Home","item":"https:\/\/didattica.di.unipi.it\/en\/"},{"@type":"ListItem","position":2,"name":"Master programme in Data Science and Business Informatics","item":"https:\/\/didattica.di.unipi.it\/en\/master-programme-in-data-science-and-business-informatics\/"},{"@type":"ListItem","position":3,"name":"Double Degree programme with Paris-Dauphine"}]},{"@type":"WebSite","@id":"https:\/\/didattica.di.unipi.it\/en\/#website","url":"https:\/\/didattica.di.unipi.it\/en\/","name":"Area Didattica - Dipartimento di Informatica","description":"Ecco un altro sito Dipartimento di Informatica siti","potentialAction":[{"@type":"SearchAction","target":{"@type":"EntryPoint","urlTemplate":"https:\/\/didattica.di.unipi.it\/en\/?s={search_term_string}"},"query-input":{"@type":"PropertyValueSpecification","valueRequired":true,"valueName":"search_term_string"}}],"inLanguage":"en-US"}]}},"acf":[],"jetpack_sharing_enabled":true,"publishpress_future_action":{"enabled":false,"date":"2026-05-04 03:57:41","action":"change-status","newStatus":"draft","terms":[],"taxonomy":"translation_priority","extraData":[]},"publishpress_future_workflow_manual_trigger":{"enabledWorkflows":[]},"_links":{"self":[{"href":"https:\/\/didattica.di.unipi.it\/en\/wp-json\/wp\/v2\/pages\/28858","targetHints":{"allow":["GET"]}}],"collection":[{"href":"https:\/\/didattica.di.unipi.it\/en\/wp-json\/wp\/v2\/pages"}],"about":[{"href":"https:\/\/didattica.di.unipi.it\/en\/wp-json\/wp\/v2\/types\/page"}],"author":[{"embeddable":true,"href":"https:\/\/didattica.di.unipi.it\/en\/wp-json\/wp\/v2\/users\/588"}],"replies":[{"embeddable":true,"href":"https:\/\/didattica.di.unipi.it\/en\/wp-json\/wp\/v2\/comments?post=28858"}],"version-history":[{"count":4,"href":"https:\/\/didattica.di.unipi.it\/en\/wp-json\/wp\/v2\/pages\/28858\/revisions"}],"predecessor-version":[{"id":28900,"href":"https:\/\/didattica.di.unipi.it\/en\/wp-json\/wp\/v2\/pages\/28858\/revisions\/28900"}],"up":[{"embeddable":true,"href":"https:\/\/didattica.di.unipi.it\/en\/wp-json\/wp\/v2\/pages\/12304"}],"wp:attachment":[{"href":"https:\/\/didattica.di.unipi.it\/en\/wp-json\/wp\/v2\/media?parent=28858"}],"curies":[{"name":"wp","href":"https:\/\/api.w.org\/{rel}","templated":true}]}}