{"id":20719,"date":"2021-09-29T15:38:42","date_gmt":"2021-09-29T13:38:42","guid":{"rendered":"https:\/\/didattica.di.unipi.it\/?page_id=20719"},"modified":"2026-03-04T14:14:14","modified_gmt":"2026-03-04T13:14:14","slug":"studying-abroad-msc-in-computer-science","status":"publish","type":"page","link":"https:\/\/didattica.di.unipi.it\/en\/master-programme-in-computer-science\/studying-abroad-msc-in-computer-science\/","title":{"rendered":"Studying Abroad (MSc in Computer Science)"},"content":{"rendered":"\n<div class=\"page\" title=\"Page 3\">\n<div class=\"layoutArea\">\n<div class=\"column\">\n<p style=\"text-align: left\">The Department of Computer Science offers various study opportunities abroad for students enrolled in its degree courses.<\/p>\n<\/div>\n<\/div>\n<\/div>\n\n\n\n<h2 class=\"wp-block-heading\">Mobility Programmes<\/h2>\n\n\n\n<div class=\"wp-block-pb-accordion-item c-accordion__item js-accordion-item no-js\" data-initially-open=\"false\" data-click-to-close=\"true\" data-auto-close=\"true\" data-scroll=\"false\" data-scroll-offset=\"0\"><h2 id=\"at-207190\" class=\"c-accordion__title js-accordion-controller\" role=\"button\">Erasmus+<\/h2><div id=\"ac-207190\" class=\"c-accordion__content\">\n<p>The <a href=\"https:\/\/erasmus-plus.ec.europa.eu\/\">Erasmus+ Programme<\/a>, which allows students enrolled in any Degree Course of the Department to carry out a Mobility for Study or for Traineeship in the member countries of the European Union and in other countries participating in the program, possibly aimed at carrying out the thesis abroad.<\/p>\n\n\n\n<ul class=\"wp-block-list\">\n<li>For a general description of the programme, see the <a href=\"https:\/\/didattica.di.unipi.it\/en\/internazionale\/studying-abroad-with-erasmus\/\"><em>Erasmus Outgoing<\/em><\/a> page.<\/li>\n\n\n\n<li>For information specific to the participation of students enrolled in the Degree Programmes of the Department of Computer Science (e.g., requirements and procedures), see the <a href=\"https:\/\/didattica.di.unipi.it\/en\/internazionale\/erasmus-at-computer-science\/\"><em>Erasmus at Computer Science<\/em><\/a> page.<\/li>\n<\/ul>\n<\/div><\/div>\n\n\n\n<div class=\"wp-block-pb-accordion-item c-accordion__item js-accordion-item no-js\" data-initially-open=\"false\" data-click-to-close=\"true\" data-auto-close=\"true\" data-scroll=\"false\" data-scroll-offset=\"0\"><h2 id=\"at-207191\" class=\"c-accordion__title js-accordion-controller\" role=\"button\">Thesis Abroad<\/h2><div id=\"ac-207191\" class=\"c-accordion__content\">\n<p>The University of Pisa offers mobility grants to graduating students who wish to carry out part of their thesis research abroad for a period of at least two consecutive months, at institutions, organisations, companies, or international bodies located abroad. Students may choose the host country, subject to approval through a <em>Learning Agreement<\/em>.<\/p>\n\n\n\n<p>All details regarding the application procedure\u2014including eligibility criteria, duration, and funding information\u2014are available in the <a href=\"https:\/\/www.unipi.it\/en\/education\/study-and-internships-abroad\/studying-abroad\/thesis-abroad\/\">Call for Applications for Thesis Abroad<\/a>, published on the University website.<\/p>\n<\/div><\/div>\n\n\n\n<div class=\"wp-block-pb-accordion-item c-accordion__item js-accordion-item no-js\" data-initially-open=\"false\" data-click-to-close=\"true\" data-auto-close=\"true\" data-scroll=\"false\" data-scroll-offset=\"0\"><h2 id=\"at-207192\" class=\"c-accordion__title js-accordion-controller\" role=\"button\">Other Opportunities and Calls<\/h2><div id=\"ac-207192\" class=\"c-accordion__content\">\n<p>Additional opportunities are offered by the University of Pisa through various types of scholarships, with calls published periodically on the <a href=\"https:\/\/www.unipi.it\/en\/education\/study-and-internships-abroad\/studying-abroad\/\">Studying Abroad<\/a>&nbsp;page of the University website.<\/p>\n\n\n\n<p>\u26a0\ufe0f Each call specifies the type of scholarships offered, the requirements for submitting an application, and the relevant deadlines. In general, students may apply to more than one call, but grants <strong>cannot be combined<\/strong> for the same mobility period.<\/p>\n<\/div><\/div>\n\n\n\n<div class=\"wp-block-pb-accordion-item c-accordion__item js-accordion-item no-js\" data-initially-open=\"false\" data-click-to-close=\"true\" data-auto-close=\"true\" data-scroll=\"false\" data-scroll-offset=\"0\"><h2 id=\"at-207193\" class=\"c-accordion__title js-accordion-controller\" role=\"button\">Double degree with the University of Malaga (Spain)<\/h2><div id=\"ac-207193\" class=\"c-accordion__content\">\n<p>For students enrolled in the <a href=\"https:\/\/didattica.di.unipi.it\/en\/master-programme-in-computer-science\/\">Master\u2019s Degree in Computer Science<\/a>, a Double Degree is available in collaboration with the <a href=\"https:\/\/didattica.di.unipi.it\/en\/master-programme-in-computer-science\/double-degree-programme-with-malaga-university\/\">University of Malaga<\/a>. This international programme allows selected students to obtain both the <em>Master\u2019s Degree in Computer Science<\/em> from the University of Pisa and the <em>M\u00e1ster Universitario en Ingenier\u00eda Inform\u00e1tica<\/em> from the Universidad de M\u00e1laga.<\/p>\n\n\n\n<p>All information can be found on the page: <a href=\"https:\/\/didattica.di.unipi.it\/en\/master-programme-in-computer-science\/double-degree-programme-with-malaga-university\/\">Double Degree with the University of Malaga<\/a><\/p>\n<\/div><\/div>\n\n\n\n<div class=\"wp-block-pb-accordion-item c-accordion__item js-accordion-item no-js\" data-initially-open=\"false\" data-click-to-close=\"true\" data-auto-close=\"true\" data-scroll=\"false\" data-scroll-offset=\"0\"><h2 id=\"at-207194\" class=\"c-accordion__title js-accordion-controller\" role=\"button\">Contacts<\/h2><div id=\"ac-207194\" class=\"c-accordion__content\">\n<h4 class=\"wp-block-heading\">Internationalization Office<\/h4>\n\n\n\n<p>To request information, please send an email to <a href=\"mailto:international@di.unipi.it\">international@di.unipi.it<\/a><\/p>\n\n\n\n<p>For any questions, you can speak with Dott.ssa Veronica Tomatis, who is available during her office hours on Thursday mornings from 9 a.m. to 12 p.m.<\/p>\n\n\n\n<h4 class=\"wp-block-heading\">Erasmus+ Office<\/h4>\n\n\n\n<p>Per avere informazioni, inviare un e-mail a <a href=\"mailto:erasmus@di.unipi.it\">erasmus@di.unipi.it<\/a><\/p>\n\n\n\n<p>For any questions, you can speak with Dott.ssa Veronica Tomatis, who is available during her office hours on Thursday mornings from 9 a.m. to 12 p.m.<\/p>\n\n\n\n<h4 class=\"wp-block-heading\">Area Coordinator for Internationalization (CAI)<\/h4>\n\n\n\n<p>Prof. Andrea Corradini<\/p>\n\n\n\n<h4 class=\"wp-block-heading\">Deputy Area Coordinator for Internationalization (Vice CAI)<\/h4>\n\n\n\n<p>Prof. Filippo Bonchi<\/p>\n<\/div><\/div>\n","protected":false},"excerpt":{"rendered":"<p>The Department of Computer Science offers various study opportunities abroad for students enrolled in its degree courses. Mobility Programmes&hellip;<\/p>\n<p><a class=\"btn btn-dark btn-sm unipi-read-more-link\" href=\"https:\/\/didattica.di.unipi.it\/en\/master-programme-in-computer-science\/studying-abroad-msc-in-computer-science\/\">Read More&#8230;<\/a><\/p>\n","protected":false},"author":19,"featured_media":0,"parent":12336,"menu_order":0,"comment_status":"closed","ping_status":"closed","template":"","meta":{"_acf_changed":false,"footnotes":""},"class_list":["post-20719","page","type-page","status-publish","hentry"],"yoast_head":"<!-- This site is optimized with the Yoast SEO plugin v27.3 - https:\/\/yoast.com\/product\/yoast-seo-wordpress\/ -->\n<title>Studying Abroad (MSc in Computer Science) - Area Didattica - Dipartimento di Informatica<\/title>\n<meta name=\"robots\" content=\"index, follow, max-snippet:-1, max-image-preview:large, max-video-preview:-1\" \/>\n<link rel=\"canonical\" href=\"https:\/\/didattica.di.unipi.it\/en\/master-programme-in-computer-science\/studying-abroad-msc-in-computer-science\/\" \/>\n<meta property=\"og:locale\" content=\"en_US\" \/>\n<meta property=\"og:type\" content=\"article\" \/>\n<meta property=\"og:title\" content=\"Studying Abroad (MSc in Computer Science) - Area Didattica - Dipartimento di Informatica\" \/>\n<meta property=\"og:description\" content=\"The Department of Computer Science offers various study opportunities abroad for students enrolled in its degree courses. Mobility Programmes&hellip;Read More...\" \/>\n<meta property=\"og:url\" content=\"https:\/\/didattica.di.unipi.it\/en\/master-programme-in-computer-science\/studying-abroad-msc-in-computer-science\/\" \/>\n<meta property=\"og:site_name\" content=\"Area Didattica - Dipartimento di Informatica\" \/>\n<meta property=\"article:modified_time\" content=\"2026-03-04T13:14:14+00:00\" \/>\n<meta name=\"twitter:card\" content=\"summary_large_image\" \/>\n<meta name=\"twitter:label1\" content=\"Est. reading time\" \/>\n\t<meta name=\"twitter:data1\" content=\"3 minutes\" \/>\n<script type=\"application\/ld+json\" class=\"yoast-schema-graph\">{\"@context\":\"https:\\\/\\\/schema.org\",\"@graph\":[{\"@type\":\"WebPage\",\"@id\":\"https:\\\/\\\/didattica.di.unipi.it\\\/en\\\/master-programme-in-computer-science\\\/studying-abroad-msc-in-computer-science\\\/\",\"url\":\"https:\\\/\\\/didattica.di.unipi.it\\\/en\\\/master-programme-in-computer-science\\\/studying-abroad-msc-in-computer-science\\\/\",\"name\":\"Studying Abroad (MSc in Computer Science) - Area Didattica - Dipartimento di Informatica\",\"isPartOf\":{\"@id\":\"https:\\\/\\\/didattica.di.unipi.it\\\/en\\\/#website\"},\"datePublished\":\"2021-09-29T13:38:42+00:00\",\"dateModified\":\"2026-03-04T13:14:14+00:00\",\"breadcrumb\":{\"@id\":\"https:\\\/\\\/didattica.di.unipi.it\\\/en\\\/master-programme-in-computer-science\\\/studying-abroad-msc-in-computer-science\\\/#breadcrumb\"},\"inLanguage\":\"en-US\",\"potentialAction\":[{\"@type\":\"ReadAction\",\"target\":[\"https:\\\/\\\/didattica.di.unipi.it\\\/en\\\/master-programme-in-computer-science\\\/studying-abroad-msc-in-computer-science\\\/\"]}]},{\"@type\":\"BreadcrumbList\",\"@id\":\"https:\\\/\\\/didattica.di.unipi.it\\\/en\\\/master-programme-in-computer-science\\\/studying-abroad-msc-in-computer-science\\\/#breadcrumb\",\"itemListElement\":[{\"@type\":\"ListItem\",\"position\":1,\"name\":\"Home\",\"item\":\"https:\\\/\\\/didattica.di.unipi.it\\\/en\\\/\"},{\"@type\":\"ListItem\",\"position\":2,\"name\":\"Master programme in Computer Science\",\"item\":\"https:\\\/\\\/didattica.di.unipi.it\\\/en\\\/master-programme-in-computer-science\\\/\"},{\"@type\":\"ListItem\",\"position\":3,\"name\":\"Studying Abroad (MSc in Computer Science)\"}]},{\"@type\":\"WebSite\",\"@id\":\"https:\\\/\\\/didattica.di.unipi.it\\\/en\\\/#website\",\"url\":\"https:\\\/\\\/didattica.di.unipi.it\\\/en\\\/\",\"name\":\"Area Didattica - Dipartimento di Informatica\",\"description\":\"Ecco un altro sito Dipartimento di Informatica siti\",\"potentialAction\":[{\"@type\":\"SearchAction\",\"target\":{\"@type\":\"EntryPoint\",\"urlTemplate\":\"https:\\\/\\\/didattica.di.unipi.it\\\/en\\\/?s={search_term_string}\"},\"query-input\":{\"@type\":\"PropertyValueSpecification\",\"valueRequired\":true,\"valueName\":\"search_term_string\"}}],\"inLanguage\":\"en-US\"}]}<\/script>\n<!-- \/ Yoast SEO plugin. -->","yoast_head_json":{"title":"Studying Abroad (MSc in Computer Science) - Area Didattica - Dipartimento di Informatica","robots":{"index":"index","follow":"follow","max-snippet":"max-snippet:-1","max-image-preview":"max-image-preview:large","max-video-preview":"max-video-preview:-1"},"canonical":"https:\/\/didattica.di.unipi.it\/en\/master-programme-in-computer-science\/studying-abroad-msc-in-computer-science\/","og_locale":"en_US","og_type":"article","og_title":"Studying Abroad (MSc in Computer Science) - Area Didattica - Dipartimento di Informatica","og_description":"The Department of Computer Science offers various study opportunities abroad for students enrolled in its degree courses. Mobility Programmes&hellip;Read More...","og_url":"https:\/\/didattica.di.unipi.it\/en\/master-programme-in-computer-science\/studying-abroad-msc-in-computer-science\/","og_site_name":"Area Didattica - Dipartimento di Informatica","article_modified_time":"2026-03-04T13:14:14+00:00","twitter_card":"summary_large_image","twitter_misc":{"Est. reading time":"3 minutes"},"schema":{"@context":"https:\/\/schema.org","@graph":[{"@type":"WebPage","@id":"https:\/\/didattica.di.unipi.it\/en\/master-programme-in-computer-science\/studying-abroad-msc-in-computer-science\/","url":"https:\/\/didattica.di.unipi.it\/en\/master-programme-in-computer-science\/studying-abroad-msc-in-computer-science\/","name":"Studying Abroad (MSc in Computer Science) - Area Didattica - Dipartimento di Informatica","isPartOf":{"@id":"https:\/\/didattica.di.unipi.it\/en\/#website"},"datePublished":"2021-09-29T13:38:42+00:00","dateModified":"2026-03-04T13:14:14+00:00","breadcrumb":{"@id":"https:\/\/didattica.di.unipi.it\/en\/master-programme-in-computer-science\/studying-abroad-msc-in-computer-science\/#breadcrumb"},"inLanguage":"en-US","potentialAction":[{"@type":"ReadAction","target":["https:\/\/didattica.di.unipi.it\/en\/master-programme-in-computer-science\/studying-abroad-msc-in-computer-science\/"]}]},{"@type":"BreadcrumbList","@id":"https:\/\/didattica.di.unipi.it\/en\/master-programme-in-computer-science\/studying-abroad-msc-in-computer-science\/#breadcrumb","itemListElement":[{"@type":"ListItem","position":1,"name":"Home","item":"https:\/\/didattica.di.unipi.it\/en\/"},{"@type":"ListItem","position":2,"name":"Master programme in Computer Science","item":"https:\/\/didattica.di.unipi.it\/en\/master-programme-in-computer-science\/"},{"@type":"ListItem","position":3,"name":"Studying Abroad (MSc in Computer Science)"}]},{"@type":"WebSite","@id":"https:\/\/didattica.di.unipi.it\/en\/#website","url":"https:\/\/didattica.di.unipi.it\/en\/","name":"Area Didattica - Dipartimento di Informatica","description":"Ecco un altro sito Dipartimento di Informatica siti","potentialAction":[{"@type":"SearchAction","target":{"@type":"EntryPoint","urlTemplate":"https:\/\/didattica.di.unipi.it\/en\/?s={search_term_string}"},"query-input":{"@type":"PropertyValueSpecification","valueRequired":true,"valueName":"search_term_string"}}],"inLanguage":"en-US"}]}},"acf":[],"jetpack_sharing_enabled":true,"publishpress_future_action":{"enabled":false,"date":"2026-04-16 16:03:03","action":"change-status","newStatus":"draft","terms":[],"taxonomy":"translation_priority","extraData":[]},"publishpress_future_workflow_manual_trigger":{"enabledWorkflows":[]},"_links":{"self":[{"href":"https:\/\/didattica.di.unipi.it\/en\/wp-json\/wp\/v2\/pages\/20719","targetHints":{"allow":["GET"]}}],"collection":[{"href":"https:\/\/didattica.di.unipi.it\/en\/wp-json\/wp\/v2\/pages"}],"about":[{"href":"https:\/\/didattica.di.unipi.it\/en\/wp-json\/wp\/v2\/types\/page"}],"author":[{"embeddable":true,"href":"https:\/\/didattica.di.unipi.it\/en\/wp-json\/wp\/v2\/users\/19"}],"replies":[{"embeddable":true,"href":"https:\/\/didattica.di.unipi.it\/en\/wp-json\/wp\/v2\/comments?post=20719"}],"version-history":[{"count":25,"href":"https:\/\/didattica.di.unipi.it\/en\/wp-json\/wp\/v2\/pages\/20719\/revisions"}],"predecessor-version":[{"id":30316,"href":"https:\/\/didattica.di.unipi.it\/en\/wp-json\/wp\/v2\/pages\/20719\/revisions\/30316"}],"up":[{"embeddable":true,"href":"https:\/\/didattica.di.unipi.it\/en\/wp-json\/wp\/v2\/pages\/12336"}],"wp:attachment":[{"href":"https:\/\/didattica.di.unipi.it\/en\/wp-json\/wp\/v2\/media?parent=20719"}],"curies":[{"name":"wp","href":"https:\/\/api.w.org\/{rel}","templated":true}]}}