{"id":17807,"date":"2020-06-15T11:10:17","date_gmt":"2020-06-15T09:10:17","guid":{"rendered":"https:\/\/didattica.di.unipi.it\/?page_id=17807"},"modified":"2026-03-04T14:10:54","modified_gmt":"2026-03-04T13:10:54","slug":"qualita","status":"publish","type":"page","link":"https:\/\/didattica.di.unipi.it\/en\/laurea-magistrale-in-informatica\/qualita\/","title":{"rendered":"Qualit\u00e0"},"content":{"rendered":"<p style=\"text-align: left\">Il Corso di Laurea Magistrale in Informatica si \u00e8 dotato di un sistema di assicurazione e di miglioramento della qualit\u00e0 del suo percorso formativo, cos\u00ec come indicato dalle linee guida di Ateneo.<\/p>\n<p style=\"text-align: left\">Il processo di Assicurazione della Qualit\u00e0 (AQ) del Dipartimento di Informatica, allo scopo di garantire la qualit\u00e0 delle attivit\u00e0 formative, cos\u00ec come di quelle relative alla ricerca e alla terza missione, monitora il raggiungimento degli obiettivi espressi nel <a href=\"https:\/\/organizzazione.di.unipi.it\/wp-content\/uploads\/sites\/5\/2021\/05\/PS2020-22-Approvato.pdf\">Piano Strategico del Dipartimento<\/a>, e propone azioni tese al continuo miglioramento di tali attivit\u00e0. Al fine di garantire l\u2019aderenza alle <a href=\"https:\/\/www.unipi.it\/index.php\/qualita-e-valutazione\">politiche AQ dell\u2019Ateneo<\/a>, le azioni intraprese vengono stabilite interagendo con il <a href=\"https:\/\/www.unipi.it\/ateneo\/organi-dellateneo\/presidio-della-qualita-di-ateneo\/\">Presidio di Qualit\u00e0<\/a> e il <a href=\"https:\/\/www.unipi.it\/ateneo\/organi-dellateneo\/nucleo-di-valutazione\/\">Nucleo di Valutazione<\/a> dell\u2019Ateneo.<\/p>\n<p style=\"text-align: left\">I principali soggetti responsabili del processo AQ del Dipartimento di Informatica sono:<\/p>\n<ul style=\"text-align: left\">\n<li>Il Direttore del Dipartimento<\/li>\n<li>Il Referente presso il Presidio di Qualit\u00e0<\/li>\n<li>Il Referente per la Ricerca e il Referente per la Terza Missione<\/li>\n<li>La Commissione Paritetica Docenti-Studenti<\/li>\n<\/ul>\n<p style=\"text-align: left\">Le persone che attualmente ricoprono queste cariche sono riportate nella sezione &#8220;<a href=\"https:\/\/organizzazione.di.unipi.it\/\">Organizzazione<\/a>&#8221; del sito del Dipartimento<\/p>\n<p style=\"text-align: left\">In particolare,<\/p>\n<ul style=\"text-align: left\">\n<li>il <strong>Referente AQ di Dipartimento<\/strong>, ha il compito di coordinare l\u2019attivit\u00e0 dei soggetti coinvolti negli adempimenti previsti dal Sistema AVA, in primo luogo Presidenti di corso di studio, Coordinatori di Dottorato e Direttori di Dipartimento nella redazione delle Schede SUA e nello svolgimento delle attivit\u00e0 di Riesame. Il Referente AQ di Dipartimento \u00e8 la figura di interfaccia tra il Presidio e il Dipartimento per quanto attiene il sistema di assicurazione qualit\u00e0;<\/li>\n<li>la <strong>Commissione Paritetica docenti-studenti<\/strong>, garantisce un monitoraggio costante della qualit\u00e0 della didattica e dell\u2019offerta formativa, producendo annualmente una relazione sulle attivit\u00e0 e sui servizi destinati agli studenti. In coerenza con quanto previsto dallo Statuto di Ateneo (art. 34, comma 1, lett. e), la Commissione elabora tale relazione sulla base del monitoraggio svolto dai Corsi di Studio in merito all\u2019andamento delle attivit\u00e0 didattiche, ai risultati conseguiti e alla funzionalit\u00e0 dei servizi disponibili, acquisendo il parere delle Commissioni didattiche dei singoli corsi (art. 36).<\/li>\n<\/ul>\n<p style=\"text-align: left\">Inoltre, in ciascun Corso di Studio viene istituito un<\/p>\n<ul style=\"text-align: left\">\n<li><strong>Gruppo per l\u2019Assicurazione della Qualit\u00e0 <\/strong> (o <strong>Gruppo di Riesame<\/strong>) che ha il compito di predisporre la scheda di monitoraggio annuale e il rapporto di riesame ciclico; definire, attuare e monitorare le azioni di miglioramento; analizzare la relazione annuale della Commissione Paritetica; quindi attuare le azioni derivanti dalla Politica della Qualit\u00e0 di Ateneo in accordo con il Responsabile AQ di Dipartimento e con il Presidio della Qualit\u00e0.<\/li>\n<\/ul>\n<p style=\"text-align: left\">Nel caso del Corso di Laurea Magistrale in Informatica, l&#8217;attuale composizione del Gruppo di Riesame, si trova alla pagina<\/p>\n<ul style=\"text-align: left\">\n<li><a href=\"https:\/\/didattica.di.unipi.it\/laurea-magistrale-in-informatica\/commissioni-e-docenti\/commissioni-wif-l\/\">Commissioni, gruppi di lavoro e delegati<\/a><\/li>\n<\/ul>\n<p style=\"text-align: left\">Il gruppo di riesame interagisce con le commissioni e i delegati e i referenti del Corso di Laurea (sempre sulla stessa pagina) e del Dipartimento (si veda la pagina <a href=\"https:\/\/organizzazione.di.unipi.it\/organizzazione\/commissioni\/\">Commissioni<\/a>).<\/p>\n<h3 style=\"text-align: left\">Advisory Board<\/h3>\n<p style=\"text-align: left\">La Laurea Magistrale in Computer Science ha un <strong><a href=\"https:\/\/didattica.di.unipi.it\/laurea-magistrale-in-informatica\/commissioni-e-docenti\/\">Advisory Board<\/a>\u00a0<\/strong>internazionale con figure provenienti sia dal mondo accademico sia dal mondo degli enti\/aziende del settore che hanno dimostrato, con la loro attivit\u00e0 professionale, interesse verso queste tematiche o su di esse hanno sviluppato il proprio business. Il loro compito \u00e8 quello di rappresentare le parti interessate e di costituire un autorevole riferimento per cogliere i prorompenti sviluppi di questo settore.<\/p>\n<h3 style=\"text-align: left\">Documentazione<\/h3>\n<p style=\"text-align: left\">Nell\u2019ambito dell\u2019Assicurazione della Qualit\u00e0, il Corso di Laurea contribuisce al processo attraverso la compilazione della <strong>Scheda Unica Annuale (SUA-CdS)<\/strong>, della <strong>scheda di monitoraggio annuale (SMA)<\/strong> e dei <strong>rapporti di riesame ciclico<\/strong>, oltre che mediante l\u2019analisi dei questionari di valutazione e dei report sulla situazione occupazionale dei laureati.<\/p>\n<h4 style=\"text-align: left\">Schede Uniche Annuali (SUA)<\/h4>\n<p style=\"text-align: left\">L\u2019Universit\u00e0 di Pisa ha una pagina dedicata alle parti pubbliche delle Schede Uniche Annuali di tutti i Corsi di Studio:<\/p>\n<ul style=\"text-align: left\">\n<li class=\"elementor-heading-title elementor-size-default\" style=\"text-align: justify\"><strong><a href=\"https:\/\/www.unipi.it\/ateneo\/qualita-e-valutazione\/schede-sua-cds\/\">Schede SUA-CdS<\/a><\/strong><\/li>\n<\/ul>\n<h4 style=\"text-align: left\">Altre schede e relazioni<\/h4>\n<ul style=\"text-align: left\">\n<li><a href=\"https:\/\/organizzazione.di.unipi.it\/qualita\/schede-di-monitoraggio-annuale\/\"><strong>Schede di monitoraggio annuale (SMA)<\/strong><\/a><\/li>\n<li><a href=\"https:\/\/organizzazione.di.unipi.it\/qualita\/riesame-ciclico\/\"><strong>Rapporti di riesame ciclico<\/strong><\/a><\/li>\n<li><a href=\"https:\/\/organizzazione.di.unipi.it\/qualita\/aq-didattica\/paritetica-docenti-studenti\/\"><strong>Relazioni della Commissione Paritetica Docenti-Studenti<\/strong><\/a><\/li>\n<li><a href=\"https:\/\/organizzazione.di.unipi.it\/qualita\/esiti-questionari-valutazione-didattica\/\"><strong>Esiti dei questionari di valutazione<\/strong><\/a><strong>\u00a0<\/strong><\/li>\n<li><a href=\"https:\/\/didattica.di.unipi.it\/laurea-magistrale-in-informatica\/insegnamenti\/\"><strong>Programma degli insegnamenti del corso di laurea<\/strong><\/a><\/li>\n<\/ul>\n<div class=\"entry-content box clearfix\" style=\"text-align: left\">\n<h4 class=\"elementor-heading-title elementor-size-default\">Report e Cruscotti sui Corsi di Studio<\/h4>\n<p>La pagina <a href=\"https:\/\/www.unipi.it\/ateneo\/chi-siamo\/dati-indagini\/\">Report e Cruscotti sui Corsi di Studio<\/a> mette a disposizione cruscotti interattivi e report di sintesi costruiti sui dati ufficiali di Ateneo, strumenti utili per analisi, monitoraggi e scelte strategiche nei settori della didattica, dell\u2019amministrazione e della ricerca.<\/p>\n<h4>Programmi dei corsi<\/h4>\n<ul>\n<li><a href=\"https:\/\/didattica.di.unipi.it\/laurea-magistrale-in-informatica\/insegnamenti\/\">Programmi dei Corsi della Laurea Magistrale in Computer Science<\/a><\/li>\n<\/ul>\n<\/div>\n<h4 style=\"text-align: left\">Riferimenti ad altre pagine AQ<\/h4>\n<ul>\n<li style=\"text-align: left\"><a href=\"https:\/\/www.unipi.it\/ateneo\/qualita-e-valutazione\/\">Qualit\u00e0 e Valutazione (Ateneo)<\/a><\/li>\n<li style=\"text-align: left\"><a href=\"https:\/\/www.unipi.it\/ateneo\/organi-dellateneo\/nucleo-di-valutazione\/\">Nucleo di Valutazione di Ateneo<\/a><\/li>\n<li style=\"text-align: left\"><a href=\"https:\/\/www.unipi.it\/ateneo\/organi-dellateneo\/presidio-della-qualita-di-ateneo\/\">Presidio di Qualit\u00e0 di Ateneo<\/a><\/li>\n<li style=\"text-align: left\"><a href=\"https:\/\/organizzazione.di.unipi.it\/qualita\/\">AQ del Dipartimento di Informatica<\/a><\/li>\n<\/ul>\n","protected":false},"excerpt":{"rendered":"<p>Il Corso di Laurea Magistrale in Informatica si \u00e8 dotato di un sistema di assicurazione e di miglioramento della qualit\u00e0&hellip;<\/p>\n<p><a class=\"btn btn-dark btn-sm unipi-read-more-link\" href=\"https:\/\/didattica.di.unipi.it\/en\/laurea-magistrale-in-informatica\/qualita\/\">Read More&#8230;<\/a><\/p>\n","protected":false},"author":15,"featured_media":0,"parent":12104,"menu_order":0,"comment_status":"closed","ping_status":"closed","template":"","meta":{"_acf_changed":false,"footnotes":""},"class_list":["post-17807","page","type-page","status-publish","hentry"],"yoast_head":"<!-- This site is optimized with the Yoast SEO plugin v27.5 - https:\/\/yoast.com\/product\/yoast-seo-wordpress\/ -->\n<title>Qualit\u00e0 - Area Didattica - Dipartimento di Informatica<\/title>\n<meta name=\"robots\" content=\"index, follow, max-snippet:-1, max-image-preview:large, max-video-preview:-1\" \/>\n<link rel=\"canonical\" href=\"https:\/\/didattica.di.unipi.it\/en\/laurea-magistrale-in-informatica\/qualita\/\" \/>\n<meta property=\"og:locale\" content=\"en_US\" \/>\n<meta property=\"og:type\" content=\"article\" \/>\n<meta property=\"og:title\" content=\"Qualit\u00e0 - Area Didattica - Dipartimento di Informatica\" \/>\n<meta property=\"og:description\" content=\"Il Corso di Laurea Magistrale in Informatica si \u00e8 dotato di un sistema di assicurazione e di miglioramento della qualit\u00e0&hellip;Read More...\" \/>\n<meta property=\"og:url\" content=\"https:\/\/didattica.di.unipi.it\/en\/laurea-magistrale-in-informatica\/qualita\/\" \/>\n<meta property=\"og:site_name\" content=\"Area Didattica - Dipartimento di Informatica\" \/>\n<meta property=\"article:modified_time\" content=\"2026-03-04T13:10:54+00:00\" \/>\n<meta name=\"twitter:card\" content=\"summary_large_image\" \/>\n<meta name=\"twitter:label1\" content=\"Est. reading time\" \/>\n\t<meta name=\"twitter:data1\" content=\"4 minutes\" \/>\n<script type=\"application\/ld+json\" class=\"yoast-schema-graph\">{\"@context\":\"https:\\\/\\\/schema.org\",\"@graph\":[{\"@type\":\"WebPage\",\"@id\":\"https:\\\/\\\/didattica.di.unipi.it\\\/en\\\/laurea-magistrale-in-informatica\\\/qualita\\\/\",\"url\":\"https:\\\/\\\/didattica.di.unipi.it\\\/en\\\/laurea-magistrale-in-informatica\\\/qualita\\\/\",\"name\":\"Qualit\u00e0 - Area Didattica - Dipartimento di Informatica\",\"isPartOf\":{\"@id\":\"https:\\\/\\\/didattica.di.unipi.it\\\/en\\\/#website\"},\"datePublished\":\"2020-06-15T09:10:17+00:00\",\"dateModified\":\"2026-03-04T13:10:54+00:00\",\"breadcrumb\":{\"@id\":\"https:\\\/\\\/didattica.di.unipi.it\\\/en\\\/laurea-magistrale-in-informatica\\\/qualita\\\/#breadcrumb\"},\"inLanguage\":\"en-US\",\"potentialAction\":[{\"@type\":\"ReadAction\",\"target\":[\"https:\\\/\\\/didattica.di.unipi.it\\\/en\\\/laurea-magistrale-in-informatica\\\/qualita\\\/\"]}]},{\"@type\":\"BreadcrumbList\",\"@id\":\"https:\\\/\\\/didattica.di.unipi.it\\\/en\\\/laurea-magistrale-in-informatica\\\/qualita\\\/#breadcrumb\",\"itemListElement\":[{\"@type\":\"ListItem\",\"position\":1,\"name\":\"Home\",\"item\":\"https:\\\/\\\/didattica.di.unipi.it\\\/en\\\/\"},{\"@type\":\"ListItem\",\"position\":2,\"name\":\"Laurea Magistrale in Informatica\",\"item\":\"https:\\\/\\\/didattica.di.unipi.it\\\/en\\\/laurea-magistrale-in-informatica\\\/\"},{\"@type\":\"ListItem\",\"position\":3,\"name\":\"Qualit\u00e0\"}]},{\"@type\":\"WebSite\",\"@id\":\"https:\\\/\\\/didattica.di.unipi.it\\\/en\\\/#website\",\"url\":\"https:\\\/\\\/didattica.di.unipi.it\\\/en\\\/\",\"name\":\"Area Didattica - Dipartimento di Informatica\",\"description\":\"Ecco un altro sito Dipartimento di Informatica siti\",\"potentialAction\":[{\"@type\":\"SearchAction\",\"target\":{\"@type\":\"EntryPoint\",\"urlTemplate\":\"https:\\\/\\\/didattica.di.unipi.it\\\/en\\\/?s={search_term_string}\"},\"query-input\":{\"@type\":\"PropertyValueSpecification\",\"valueRequired\":true,\"valueName\":\"search_term_string\"}}],\"inLanguage\":\"en-US\"}]}<\/script>\n<!-- \/ Yoast SEO plugin. -->","yoast_head_json":{"title":"Qualit\u00e0 - Area Didattica - Dipartimento di Informatica","robots":{"index":"index","follow":"follow","max-snippet":"max-snippet:-1","max-image-preview":"max-image-preview:large","max-video-preview":"max-video-preview:-1"},"canonical":"https:\/\/didattica.di.unipi.it\/en\/laurea-magistrale-in-informatica\/qualita\/","og_locale":"en_US","og_type":"article","og_title":"Qualit\u00e0 - Area Didattica - Dipartimento di Informatica","og_description":"Il Corso di Laurea Magistrale in Informatica si \u00e8 dotato di un sistema di assicurazione e di miglioramento della qualit\u00e0&hellip;Read More...","og_url":"https:\/\/didattica.di.unipi.it\/en\/laurea-magistrale-in-informatica\/qualita\/","og_site_name":"Area Didattica - Dipartimento di Informatica","article_modified_time":"2026-03-04T13:10:54+00:00","twitter_card":"summary_large_image","twitter_misc":{"Est. reading time":"4 minutes"},"schema":{"@context":"https:\/\/schema.org","@graph":[{"@type":"WebPage","@id":"https:\/\/didattica.di.unipi.it\/en\/laurea-magistrale-in-informatica\/qualita\/","url":"https:\/\/didattica.di.unipi.it\/en\/laurea-magistrale-in-informatica\/qualita\/","name":"Qualit\u00e0 - Area Didattica - Dipartimento di Informatica","isPartOf":{"@id":"https:\/\/didattica.di.unipi.it\/en\/#website"},"datePublished":"2020-06-15T09:10:17+00:00","dateModified":"2026-03-04T13:10:54+00:00","breadcrumb":{"@id":"https:\/\/didattica.di.unipi.it\/en\/laurea-magistrale-in-informatica\/qualita\/#breadcrumb"},"inLanguage":"en-US","potentialAction":[{"@type":"ReadAction","target":["https:\/\/didattica.di.unipi.it\/en\/laurea-magistrale-in-informatica\/qualita\/"]}]},{"@type":"BreadcrumbList","@id":"https:\/\/didattica.di.unipi.it\/en\/laurea-magistrale-in-informatica\/qualita\/#breadcrumb","itemListElement":[{"@type":"ListItem","position":1,"name":"Home","item":"https:\/\/didattica.di.unipi.it\/en\/"},{"@type":"ListItem","position":2,"name":"Laurea Magistrale in Informatica","item":"https:\/\/didattica.di.unipi.it\/en\/laurea-magistrale-in-informatica\/"},{"@type":"ListItem","position":3,"name":"Qualit\u00e0"}]},{"@type":"WebSite","@id":"https:\/\/didattica.di.unipi.it\/en\/#website","url":"https:\/\/didattica.di.unipi.it\/en\/","name":"Area Didattica - Dipartimento di Informatica","description":"Ecco un altro sito Dipartimento di Informatica siti","potentialAction":[{"@type":"SearchAction","target":{"@type":"EntryPoint","urlTemplate":"https:\/\/didattica.di.unipi.it\/en\/?s={search_term_string}"},"query-input":{"@type":"PropertyValueSpecification","valueRequired":true,"valueName":"search_term_string"}}],"inLanguage":"en-US"}]}},"acf":[],"jetpack_sharing_enabled":true,"publishpress_future_action":{"enabled":false,"date":"2026-05-08 13:35:36","action":"change-status","newStatus":"draft","terms":[],"taxonomy":"translation_priority","extraData":[]},"publishpress_future_workflow_manual_trigger":{"enabledWorkflows":[]},"_links":{"self":[{"href":"https:\/\/didattica.di.unipi.it\/en\/wp-json\/wp\/v2\/pages\/17807","targetHints":{"allow":["GET"]}}],"collection":[{"href":"https:\/\/didattica.di.unipi.it\/en\/wp-json\/wp\/v2\/pages"}],"about":[{"href":"https:\/\/didattica.di.unipi.it\/en\/wp-json\/wp\/v2\/types\/page"}],"author":[{"embeddable":true,"href":"https:\/\/didattica.di.unipi.it\/en\/wp-json\/wp\/v2\/users\/15"}],"replies":[{"embeddable":true,"href":"https:\/\/didattica.di.unipi.it\/en\/wp-json\/wp\/v2\/comments?post=17807"}],"version-history":[{"count":22,"href":"https:\/\/didattica.di.unipi.it\/en\/wp-json\/wp\/v2\/pages\/17807\/revisions"}],"predecessor-version":[{"id":30313,"href":"https:\/\/didattica.di.unipi.it\/en\/wp-json\/wp\/v2\/pages\/17807\/revisions\/30313"}],"up":[{"embeddable":true,"href":"https:\/\/didattica.di.unipi.it\/en\/wp-json\/wp\/v2\/pages\/12104"}],"wp:attachment":[{"href":"https:\/\/didattica.di.unipi.it\/en\/wp-json\/wp\/v2\/media?parent=17807"}],"curies":[{"name":"wp","href":"https:\/\/api.w.org\/{rel}","templated":true}]}}