{"id":16192,"date":"2013-06-18T06:19:02","date_gmt":"2013-06-18T04:19:02","guid":{"rendered":"https:\/\/didattica.di.unipi.it\/ricevimento-4\/"},"modified":"2024-06-07T16:32:57","modified_gmt":"2024-06-07T14:32:57","slug":"ricevimento","status":"publish","type":"page","link":"https:\/\/didattica.di.unipi.it\/en\/master-programme-in-data-science-and-business-informatics\/lecturers-2\/ricevimento\/","title":{"rendered":"Ricevimento"},"content":{"rendered":"<div id=\"ricevi\"><div class=\"personlist\">\n<div class=\"single-person\">\n<h4>DENISE AMRAM <small><a target=\"_blank\" href=\"https:\/\/unimap.unipi.it\/cercapersone\/dettaglio.php?ri=190384\">Vedi su Unimap<\/a><\/small><\/h4>\n<\/div>\n<div class=\"single-person\">\n<h4>ANTONELLA ANGELINI <small><a target=\"_blank\" href=\"https:\/\/unimap.unipi.it\/cercapersone\/dettaglio.php?ri=4323\">Vedi su Unimap<\/a><\/small><\/h4>\n<p><strong>Orario:<\/strong> Chi ha necessit\u00e0 di fissare un ricevimento pu\u00f2 inviarmi una mail. Risponder\u00f2 indicando giorno e ora dell'appuntamento e fornir\u00f2 il link dell'aula virtuale.<\/p>\n<p><strong>Luogo:<\/strong> Piattaforma Teams<\/p>\n<\/div>\n<div class=\"single-person\">\n<h4>PAOLO BERNARDINI <small><a target=\"_blank\" href=\"https:\/\/unimap.unipi.it\/cercapersone\/dettaglio.php?ri=140132\">Vedi su Unimap<\/a><\/small><\/h4>\n<\/div>\n<div class=\"single-person\">\n<h4>FRANCESCA BERNINI <small><a target=\"_blank\" href=\"https:\/\/unimap.unipi.it\/cercapersone\/dettaglio.php?ri=23159\">Vedi su Unimap<\/a><\/small><\/h4>\n<p><strong>Orario:<\/strong> GIOVEDI ORE 9:00- Contattare prima il docente per mail per definire le modalit\u00e0.<\/p>\n<p><strong>Luogo:<\/strong> Dipartimento di Economia e Management, stanza 109.<\/p>\n<p><strong>Note:<\/strong><br \/>Si informano i tesisti (CdS magistrale) che, non appena svolto il primo ricevimento col docente, occorre registrarsi nella piattaforma dedicata. Inoltre, si consiglia di rivolgersi al docente relatore solo al momento in cui si ritiene di poter iniziare a lavorare alla tesi.<\/p>\n<\/div>\n<div class=\"single-person\">\n<h4>ROBERTO BRUNI <small><a target=\"_blank\" href=\"https:\/\/unimap.unipi.it\/cercapersone\/dettaglio.php?ri=4248\">Vedi su Unimap<\/a><\/small><\/h4>\n<p><strong>Orario:<\/strong> Thursday 15:00-18:00<\/p>\n<p><strong>Luogo:<\/strong> Office (room 319)<\/p>\n<p><strong>Note:<\/strong><br \/>You can reach me in person or via Microsoft Teams. In the second case, please contact me in advance to schedule an appointment.<\/p>\n<\/div>\n<div class=\"single-person\">\n<h4>MAURIZIO BURATTI <small><a target=\"_blank\" href=\"https:\/\/unimap.unipi.it\/cercapersone\/dettaglio.php?ri=79866\">Vedi su Unimap<\/a><\/small><\/h4>\n<p><strong>Note:<\/strong><br \/>Da definire con gli studenti durante lo svolgimento del corso.<br \/>\n<br \/>\nDisponibile a risposte via mail da indirizzare a drburatti@gmail.com<\/p>\n<\/div>\n<div class=\"single-person\">\n<h4>PAOLA CANTARELLI <small><a target=\"_blank\" href=\"https:\/\/unimap.unipi.it\/cercapersone\/dettaglio.php?ri=177894\">Vedi su Unimap<\/a><\/small><\/h4>\n<\/div>\n<div class=\"single-person\">\n<h4>NICOLA GIUSEPPE CASTELLANO <small><a target=\"_blank\" href=\"https:\/\/unimap.unipi.it\/cercapersone\/dettaglio.php?ri=81083\">Vedi su Unimap<\/a><\/small><\/h4>\n<p><strong>Orario:<\/strong> mercoled\u00ec dalle 15.00 alle 17.30\n(Valido fino alla chiusura del primo semestre)<\/p>\n<p><strong>Luogo:<\/strong> Dipartimento di Economia e Management - Piano 1 - Stanza 139<\/p>\n<\/div>\n<div class=\"single-person\">\n<h4>FILIPPO CHIARELLO <small><a target=\"_blank\" href=\"https:\/\/unimap.unipi.it\/cercapersone\/dettaglio.php?ri=135837\">Vedi su Unimap<\/a><\/small><\/h4>\n<\/div>\n<div class=\"single-person\">\n<h4>NICOLA CIARAMELLA <small><a target=\"_blank\" href=\"https:\/\/unimap.unipi.it\/cercapersone\/dettaglio.php?ri=80939\">Vedi su Unimap<\/a><\/small><\/h4>\n<p><strong>Orario:<\/strong> Su appuntamento via email o Teams.<\/p>\n<p><strong>Luogo:<\/strong> Online su Teams.<\/p>\n<\/div>\n<div class=\"single-person\">\n<h4>GIOVANNI COMANDE' <small><a target=\"_blank\" href=\"https:\/\/unimap.unipi.it\/cercapersone\/dettaglio.php?ri=79968\">Vedi su Unimap<\/a><\/small><\/h4>\n<p><strong>Orario:<\/strong> Su appuntamento g.comande@santannapisa.it<\/p>\n<p><strong>Luogo:<\/strong> C\/o Scuola Superiore SAnt'Anna, Piazza Martiri della Libert\u00e0 33<\/p>\n<\/div>\n<div class=\"single-person\">\n<h4>SABINA DE ROSIS <small><a target=\"_blank\" href=\"https:\/\/unimap.unipi.it\/cercapersone\/dettaglio.php?ri=177892\">Vedi su Unimap<\/a><\/small><\/h4>\n<\/div>\n<div class=\"single-person\">\n<h4>PAOLO FERRAGINA <small><a target=\"_blank\" href=\"https:\/\/unimap.unipi.it\/cercapersone\/dettaglio.php?ri=4673\">Vedi su Unimap<\/a><\/small><\/h4>\n<p><strong>Orario:<\/strong> Luned\u00ec 14.30-16.30, dopo lezione e su appuntamento<\/p>\n<p><strong>Luogo:<\/strong> Studio docente<\/p>\n<\/div>\n<div class=\"single-person\">\n<h4>BARTOSZ FILIPECKI <small><a target=\"_blank\" href=\"https:\/\/unimap.unipi.it\/cercapersone\/dettaglio.php?mat=53052\">Vedi su Unimap<\/a><\/small><\/h4>\n<\/div>\n<div class=\"single-person\">\n<h4>GINO FONTANA <small><a target=\"_blank\" href=\"https:\/\/unimap.unipi.it\/cercapersone\/dettaglio.php?ri=79860\">Vedi su Unimap<\/a><\/small><\/h4>\n<\/div>\n<div class=\"single-person\">\n<h4>ANTONIO FRANGIONI <small><a target=\"_blank\" href=\"https:\/\/unimap.unipi.it\/cercapersone\/dettaglio.php?ri=389\">Vedi su Unimap<\/a><\/small><\/h4>\n<p><strong>Orario:<\/strong> Marted\u00ec 11:00 - 13:00. In qualsiasi altro momento, per esigenze specifiche, concordando per e-mail col docente.\nTuesday 11:00 - 13:00. At any other time by arranging an appointment by e-mail.<\/p>\n<p><strong>Luogo:<\/strong> Stanza 327 DO, Dipartimento di Informatica, Largo B. Pontecorvo 3, oppure al Team indicato sotto.\n\nRoom 327 DO, Dipartimento di Informatica, Largo B. Pontecorvo 3, or at the Team below.\n\nhttps:\/\/teams.microsoft.com\/l\/team\/19%3acd5c16083ae746b69add7d73bc85d861%40thread.tacv2\/conversations?groupId=e998b957-d732-455a-96c4-dea7a20fe782&tenantId=c7456b31-a220-47f5-be52-473828670aa1<\/p>\n<\/div>\n<div class=\"single-person\">\n<h4>LAURA GALLI <small><a target=\"_blank\" href=\"https:\/\/unimap.unipi.it\/cercapersone\/dettaglio.php?mat=13986\">Vedi su Unimap<\/a><\/small><\/h4>\n<\/div>\n<div class=\"single-person\">\n<h4>GIORGIO GHELLI <small><a target=\"_blank\" href=\"https:\/\/unimap.unipi.it\/cercapersone\/dettaglio.php?ri=4284\">Vedi su Unimap<\/a><\/small><\/h4>\n<p><strong>Orario:<\/strong> Luned\u00ec, ore 9:45 - 12:45<\/p>\n<p><strong>Luogo:<\/strong> Dip.to di Informatica, Stanza 290<\/p>\n<p><strong>Note:<\/strong><br \/>Per sicurezza contattatemi prima<\/p>\n<\/div>\n<div class=\"single-person\">\n<h4>RICCARDO GIANNETTI <small><a target=\"_blank\" href=\"https:\/\/unimap.unipi.it\/cercapersone\/dettaglio.php?ri=4167\">Vedi su Unimap<\/a><\/small><\/h4>\n<p><strong>Orario:<\/strong> Il prossimo ricevimento si svolger\u00e0 venerd\u00ec 2 settembre dalle ore 15 alle ore 16. Si prega d'inviare mail per prenotare l'incontro. Grazie\n\nThe next student meeting will take place on Friday 2 September from 3 to 4 pm. by Teams. Please to book the meeting send an email to riccardo.giannetti@unipi.it. Thanks<\/p>\n<p><strong>Luogo:<\/strong> Teams<\/p>\n<\/div>\n<div class=\"single-person\">\n<h4>MARCO GIANNINI <small><a target=\"_blank\" href=\"https:\/\/unimap.unipi.it\/cercapersone\/dettaglio.php?ri=4110\">Vedi su Unimap<\/a><\/small><\/h4>\n<p><strong>Note:<\/strong><br \/>Si prega di prendere un appuntamento via email<\/p>\n<\/div>\n<div class=\"single-person\">\n<h4>RICCARDO GUIDOTTI <small><a target=\"_blank\" href=\"https:\/\/unimap.unipi.it\/cercapersone\/dettaglio.php?ri=128432\">Vedi su Unimap<\/a><\/small><\/h4>\n<p><strong>Orario:<\/strong> Marted\u00ec\/Tuesday, 15-17<\/p>\n<p><strong>Luogo:<\/strong> CS Room 363 or MS Teams<\/p>\n<\/div>\n<div class=\"single-person\">\n<h4>SIMONE LAZZINI <small><a target=\"_blank\" href=\"https:\/\/unimap.unipi.it\/cercapersone\/dettaglio.php?ri=6455\">Vedi su Unimap<\/a><\/small><\/h4>\n<p><strong>Orario:<\/strong> Marted\u00ec ore 10.30 (Vedere Note)<\/p>\n<p><strong>Luogo:<\/strong> Il ricevimento si svolge in modalit\u00e0 a distanza sulla piattaforma MS Teams. \n\n\n\n\n\n\n\n\n\nStanza 106 primo piano Dipartimento di Economia e Management<\/p>\n<p><strong>Note:<\/strong><br \/>Il ricevimento si svolge in modalit\u00e0 telematica sulla piattaforma Ms teams.<br \/>\n<br \/>\nInviare una messaggio nella chat di Ms Teams di richiesta a seguito della quale lo studente verr\u00e0 chiamato direttamente dal docente durante l'orario di ricevimento indicato.<\/p>\n<\/div>\n<div class=\"single-person\">\n<h4>MARCO LOMI <small><a target=\"_blank\" href=\"https:\/\/unimap.unipi.it\/cercapersone\/dettaglio.php?ri=140055\">Vedi su Unimap<\/a><\/small><\/h4>\n<\/div>\n<div class=\"single-person\">\n<h4>ANTONELLA MARTINI <small><a target=\"_blank\" href=\"https:\/\/unimap.unipi.it\/cercapersone\/dettaglio.php?ri=4224\">Vedi su Unimap<\/a><\/small><\/h4>\n<p><strong>Orario:<\/strong> Durante il semestre di lezioni: \n\n- ORGANIZZAZIONE di IMPRESA: sabato, ore 10-12\n- ECONOMIA e ORGANIZZAZIONE AZIENDALE: mercoled\u00ec, ore 18\n\nFuori dal semestre di lezioni, per appuntamento, inviare mail a antonella.martini@unipi.it\n\nPer tesisti: su appuntamento<\/p>\n<p><strong>Luogo:<\/strong> Online su Microsoft Teams\nStudio del docente (Scuola di Ingegneria, polo A, DESTeC)<\/p>\n<p><strong>Note:<\/strong><br \/>MEMBRO del BORAD della COMUNITA di MENTORI UNIPISA<\/p>\n<\/div>\n<div class=\"single-person\">\n<h4>ALESSIO MICHELI <small><a target=\"_blank\" href=\"https:\/\/unimap.unipi.it\/cercapersone\/dettaglio.php?ri=4976\">Vedi su Unimap<\/a><\/small><\/h4>\n<p><strong>Orario:<\/strong> Martedi, ore 18<\/p>\n<p><strong>Luogo:<\/strong> Info alla prima lezione dei corsi (anche su slides)\nVia email per altre date<\/p>\n<\/div>\n<div class=\"single-person\">\n<h4>ANNA MONREALE <small><a target=\"_blank\" href=\"https:\/\/unimap.unipi.it\/cercapersone\/dettaglio.php?ri=78687\">Vedi su Unimap<\/a><\/small><\/h4>\n<p><strong>Orario:<\/strong> Office Hours by appointment<\/p>\n<p><strong>Luogo:<\/strong> Dept. Computer Science, Office 375<\/p>\n<\/div>\n<div class=\"single-person\">\n<h4>MIRCO NANNI <small><a target=\"_blank\" href=\"https:\/\/unimap.unipi.it\/cercapersone\/dettaglio.php?ri=4522\">Vedi su Unimap<\/a><\/small><\/h4>\n<\/div>\n<div class=\"single-person\">\n<h4>FEDERICA NIERI <small><a target=\"_blank\" href=\"https:\/\/unimap.unipi.it\/cercapersone\/dettaglio.php?ri=128745\">Vedi su Unimap<\/a><\/small><\/h4>\n<p><strong>Orario:<\/strong> Chi ha necessit\u00e0 di fissare un ricevimento pu\u00f2 inviarmi una mail all'indirizzo federica.nieri@unipi.it. Risponder\u00f2 indicando giorno e ora dell'appuntamento e fornir\u00f2 il link dell'aula virtuale.<\/p>\n<p><strong>Luogo:<\/strong> Piattaforma Teams<\/p>\n<\/div>\n<div class=\"single-person\">\n<h4>LUCA PAPPALARDO <small><a target=\"_blank\" href=\"https:\/\/unimap.unipi.it\/cercapersone\/dettaglio.php?ri=105779\">Vedi su Unimap<\/a><\/small><\/h4>\n<\/div>\n<div class=\"single-person\">\n<h4>ROURAB PAUL <small><a target=\"_blank\" href=\"https:\/\/unimap.unipi.it\/cercapersone\/dettaglio.php?mat=58644\">Vedi su Unimap<\/a><\/small><\/h4>\n<\/div>\n<div class=\"single-person\">\n<h4>DINO PEDRESCHI <small><a target=\"_blank\" href=\"https:\/\/unimap.unipi.it\/cercapersone\/dettaglio.php?ri=6070\">Vedi su Unimap<\/a><\/small><\/h4>\n<p><strong>Note:<\/strong><br \/>Luned\u00ec ore 14:30 - 17:30 (Studio del docente c\/o Dipartimento di Informatica)<\/p>\n<\/div>\n<div class=\"single-person\">\n<h4>ROBERTO PELLUNGRINI <small><a target=\"_blank\" href=\"https:\/\/unimap.unipi.it\/cercapersone\/dettaglio.php?mat=32829\">Vedi su Unimap<\/a><\/small><\/h4>\n<\/div>\n<div class=\"single-person\">\n<h4>MARIARITA PIEROTTI <small><a target=\"_blank\" href=\"https:\/\/unimap.unipi.it\/cercapersone\/dettaglio.php?ri=94009\">Vedi su Unimap<\/a><\/small><\/h4>\n<\/div>\n<div class=\"single-person\">\n<h4>LAURA POLLACCI <small><a target=\"_blank\" href=\"https:\/\/unimap.unipi.it\/cercapersone\/dettaglio.php?mat=29336\">Vedi su Unimap<\/a><\/small><\/h4>\n<\/div>\n<div class=\"single-person\">\n<h4>CLAUDIA PRESTI <small><a target=\"_blank\" href=\"https:\/\/unimap.unipi.it\/cercapersone\/dettaglio.php?ri=146988\">Vedi su Unimap<\/a><\/small><\/h4>\n<p><strong>Luogo:<\/strong> Piattaforma MS Teams (\u00e8 sufficiente avviare una videochiamata con il docente)\nIn presenza - stanza 119<\/p>\n<p><strong>Note:<\/strong><br \/>Il ricevimento sar\u00e0 svolto in presenza oppure online su prenotazione.<br \/>\nPer prenotarsi inviare una mail al docente.<\/p>\n<\/div>\n<div class=\"single-person\">\n<h4>SALVATORE RINZIVILLO <small><a target=\"_blank\" href=\"https:\/\/unimap.unipi.it\/cercapersone\/dettaglio.php?ri=5382\">Vedi su Unimap<\/a><\/small><\/h4>\n<\/div>\n<div class=\"single-person\">\n<h4>GIULIO ROSSETTI <small><a target=\"_blank\" href=\"https:\/\/unimap.unipi.it\/cercapersone\/dettaglio.php?ri=109841\">Vedi su Unimap<\/a><\/small><\/h4>\n<\/div>\n<div class=\"single-person\">\n<h4>SALVATORE RUGGIERI <small><a target=\"_blank\" href=\"https:\/\/unimap.unipi.it\/cercapersone\/dettaglio.php?ri=3948\">Vedi su Unimap<\/a><\/small><\/h4>\n<p><strong>Orario:<\/strong> Office hours on appointment.<\/p>\n<p><strong>Luogo:<\/strong> Teams or Dept. of Computer Science, room 321\/DO.<\/p>\n<\/div>\n<div class=\"single-person\">\n<h4>MARIA GRAZIA SCUTELLA' <small><a target=\"_blank\" href=\"https:\/\/unimap.unipi.it\/cercapersone\/dettaglio.php?ri=4291\">Vedi su Unimap<\/a><\/small><\/h4>\n<\/div>\n<div class=\"single-person\">\n<h4>LAURA SEMINI <small><a target=\"_blank\" href=\"https:\/\/unimap.unipi.it\/cercapersone\/dettaglio.php?ri=3944\">Vedi su Unimap<\/a><\/small><\/h4>\n<p><strong>Orario:<\/strong> Venerd\u00ec 10.45-12.45 durante il periodo di lezione, oppure su appuntamento<\/p>\n<p><strong>Luogo:<\/strong> Ufficio, oppure mandatemi una mail e ci troviamo su Teams<\/p>\n<\/div>\n<div class=\"single-person\">\n<h4>IRENE SPADA <small><a target=\"_blank\" href=\"https:\/\/unimap.unipi.it\/cercapersone\/dettaglio.php?ri=196601\">Vedi su Unimap<\/a><\/small><\/h4>\n<\/div>\n<div class=\"single-person\">\n<h4>SALVATORE TRANI <small><a target=\"_blank\" href=\"https:\/\/unimap.unipi.it\/cercapersone\/dettaglio.php?ri=177629\">Vedi su Unimap<\/a><\/small><\/h4>\n<p><strong>Orario:<\/strong> Lunedi, 16-18<\/p>\n<p><strong>Luogo:<\/strong> Microsoft Teams channel: https:\/\/teams.microsoft.com\/l\/team\/19%3aV_21NiGgqkFZgQP4_-N0bRDAEbkhkYwZ4G-NgNeHswk1%40thread.tacv2\/conversations?groupId=ea8baa92-00d3-4d93-87e8-8d69c8b67bf1&tenantId=c7456b31-a220-47f5-be52-473828670aa1\n\nTeam code: zwictlj<\/p>\n<p><strong>Note:<\/strong><br \/>Ricevimento su appuntamento via email: salvatore.trani@isti.cnr.it<\/p>\n<\/div>\n<div class=\"single-person\">\n<h4>ROBERTO TRASARTI <small><a target=\"_blank\" href=\"https:\/\/unimap.unipi.it\/cercapersone\/dettaglio.php?ri=104228\">Vedi su Unimap<\/a><\/small><\/h4>\n<p><strong>Orario:<\/strong> Su Appuntamento<\/p>\n<p><strong>Luogo:<\/strong> CNR, Pisa o Videochiamata<\/p>\n<p><strong>Note:<\/strong><br \/>roberto.trasarti@isti.cnr.it<\/p>\n<\/div>\n<div class=\"single-person\">\n<h4>ROSSANO VENTURINI <small><a target=\"_blank\" href=\"https:\/\/unimap.unipi.it\/cercapersone\/dettaglio.php?ri=91121\">Vedi su Unimap<\/a><\/small><\/h4>\n<p><strong>Orario:<\/strong> Su appuntamento.<\/p>\n<p><strong>Luogo:<\/strong> Google meet https:\/\/meet.google.com\/cxk-tppj-zhx<\/p>\n<\/div>\n<div class=\"single-person\">\n<h4>GIORGIO VINCIGUERRA <small><a target=\"_blank\" href=\"https:\/\/unimap.unipi.it\/cercapersone\/dettaglio.php?mat=40316\">Vedi su Unimap<\/a><\/small><\/h4>\n<\/div>\n<\/div>\n<p class=\"small my-4\">[sorgente dati: UNIMAP. Ogni modifica apparir\u00e0 entro le 24h successive]<\/p><\/div>\n","protected":false},"excerpt":{"rendered":"<p>&hellip;<\/p>\n<p><a class=\"btn btn-dark btn-sm unipi-read-more-link\" href=\"https:\/\/didattica.di.unipi.it\/en\/master-programme-in-data-science-and-business-informatics\/lecturers-2\/ricevimento\/\">Read More&#8230;<\/a><\/p>\n","protected":false},"author":1,"featured_media":0,"parent":12392,"menu_order":40,"comment_status":"closed","ping_status":"closed","template":"","meta":{"_acf_changed":false,"footnotes":""},"class_list":["post-16192","page","type-page","status-publish","hentry"],"yoast_head":"<!-- This site is optimized with the Yoast SEO plugin v27.3 - https:\/\/yoast.com\/product\/yoast-seo-wordpress\/ -->\n<title>Ricevimento - Area Didattica - Dipartimento di Informatica<\/title>\n<meta name=\"robots\" content=\"index, follow, max-snippet:-1, max-image-preview:large, max-video-preview:-1\" \/>\n<link rel=\"canonical\" href=\"https:\/\/didattica.di.unipi.it\/en\/master-programme-in-data-science-and-business-informatics\/lecturers-2\/ricevimento\/\" \/>\n<meta property=\"og:locale\" content=\"en_US\" \/>\n<meta property=\"og:type\" content=\"article\" \/>\n<meta property=\"og:title\" content=\"Ricevimento - Area Didattica - Dipartimento di Informatica\" \/>\n<meta property=\"og:description\" content=\"&hellip;Read More...\" \/>\n<meta property=\"og:url\" content=\"https:\/\/didattica.di.unipi.it\/en\/master-programme-in-data-science-and-business-informatics\/lecturers-2\/ricevimento\/\" \/>\n<meta property=\"og:site_name\" content=\"Area Didattica - Dipartimento di Informatica\" \/>\n<meta property=\"article:modified_time\" content=\"2024-06-07T14:32:57+00:00\" \/>\n<meta name=\"twitter:card\" content=\"summary_large_image\" \/>\n<meta name=\"twitter:label1\" content=\"Est. reading time\" \/>\n\t<meta name=\"twitter:data1\" content=\"1 minute\" \/>\n<script type=\"application\/ld+json\" class=\"yoast-schema-graph\">{\"@context\":\"https:\\\/\\\/schema.org\",\"@graph\":[{\"@type\":\"WebPage\",\"@id\":\"https:\\\/\\\/didattica.di.unipi.it\\\/en\\\/master-programme-in-data-science-and-business-informatics\\\/lecturers-2\\\/ricevimento\\\/\",\"url\":\"https:\\\/\\\/didattica.di.unipi.it\\\/en\\\/master-programme-in-data-science-and-business-informatics\\\/lecturers-2\\\/ricevimento\\\/\",\"name\":\"Ricevimento - Area Didattica - Dipartimento di Informatica\",\"isPartOf\":{\"@id\":\"https:\\\/\\\/didattica.di.unipi.it\\\/en\\\/#website\"},\"datePublished\":\"2013-06-18T04:19:02+00:00\",\"dateModified\":\"2024-06-07T14:32:57+00:00\",\"breadcrumb\":{\"@id\":\"https:\\\/\\\/didattica.di.unipi.it\\\/en\\\/master-programme-in-data-science-and-business-informatics\\\/lecturers-2\\\/ricevimento\\\/#breadcrumb\"},\"inLanguage\":\"en-US\",\"potentialAction\":[{\"@type\":\"ReadAction\",\"target\":[\"https:\\\/\\\/didattica.di.unipi.it\\\/en\\\/master-programme-in-data-science-and-business-informatics\\\/lecturers-2\\\/ricevimento\\\/\"]}]},{\"@type\":\"BreadcrumbList\",\"@id\":\"https:\\\/\\\/didattica.di.unipi.it\\\/en\\\/master-programme-in-data-science-and-business-informatics\\\/lecturers-2\\\/ricevimento\\\/#breadcrumb\",\"itemListElement\":[{\"@type\":\"ListItem\",\"position\":1,\"name\":\"Home\",\"item\":\"https:\\\/\\\/didattica.di.unipi.it\\\/en\\\/\"},{\"@type\":\"ListItem\",\"position\":2,\"name\":\"Master programme in Data Science and Business Informatics\",\"item\":\"https:\\\/\\\/didattica.di.unipi.it\\\/en\\\/master-programme-in-data-science-and-business-informatics\\\/\"},{\"@type\":\"ListItem\",\"position\":3,\"name\":\"Faculty\",\"item\":\"https:\\\/\\\/didattica.di.unipi.it\\\/en\\\/master-programme-in-data-science-and-business-informatics\\\/lecturers-2\\\/\"},{\"@type\":\"ListItem\",\"position\":4,\"name\":\"Ricevimento\"}]},{\"@type\":\"WebSite\",\"@id\":\"https:\\\/\\\/didattica.di.unipi.it\\\/en\\\/#website\",\"url\":\"https:\\\/\\\/didattica.di.unipi.it\\\/en\\\/\",\"name\":\"Area Didattica - Dipartimento di Informatica\",\"description\":\"Ecco un altro sito Dipartimento di Informatica siti\",\"potentialAction\":[{\"@type\":\"SearchAction\",\"target\":{\"@type\":\"EntryPoint\",\"urlTemplate\":\"https:\\\/\\\/didattica.di.unipi.it\\\/en\\\/?s={search_term_string}\"},\"query-input\":{\"@type\":\"PropertyValueSpecification\",\"valueRequired\":true,\"valueName\":\"search_term_string\"}}],\"inLanguage\":\"en-US\"}]}<\/script>\n<!-- \/ Yoast SEO plugin. -->","yoast_head_json":{"title":"Ricevimento - Area Didattica - Dipartimento di Informatica","robots":{"index":"index","follow":"follow","max-snippet":"max-snippet:-1","max-image-preview":"max-image-preview:large","max-video-preview":"max-video-preview:-1"},"canonical":"https:\/\/didattica.di.unipi.it\/en\/master-programme-in-data-science-and-business-informatics\/lecturers-2\/ricevimento\/","og_locale":"en_US","og_type":"article","og_title":"Ricevimento - Area Didattica - Dipartimento di Informatica","og_description":"&hellip;Read More...","og_url":"https:\/\/didattica.di.unipi.it\/en\/master-programme-in-data-science-and-business-informatics\/lecturers-2\/ricevimento\/","og_site_name":"Area Didattica - Dipartimento di Informatica","article_modified_time":"2024-06-07T14:32:57+00:00","twitter_card":"summary_large_image","twitter_misc":{"Est. reading time":"1 minute"},"schema":{"@context":"https:\/\/schema.org","@graph":[{"@type":"WebPage","@id":"https:\/\/didattica.di.unipi.it\/en\/master-programme-in-data-science-and-business-informatics\/lecturers-2\/ricevimento\/","url":"https:\/\/didattica.di.unipi.it\/en\/master-programme-in-data-science-and-business-informatics\/lecturers-2\/ricevimento\/","name":"Ricevimento - Area Didattica - Dipartimento di Informatica","isPartOf":{"@id":"https:\/\/didattica.di.unipi.it\/en\/#website"},"datePublished":"2013-06-18T04:19:02+00:00","dateModified":"2024-06-07T14:32:57+00:00","breadcrumb":{"@id":"https:\/\/didattica.di.unipi.it\/en\/master-programme-in-data-science-and-business-informatics\/lecturers-2\/ricevimento\/#breadcrumb"},"inLanguage":"en-US","potentialAction":[{"@type":"ReadAction","target":["https:\/\/didattica.di.unipi.it\/en\/master-programme-in-data-science-and-business-informatics\/lecturers-2\/ricevimento\/"]}]},{"@type":"BreadcrumbList","@id":"https:\/\/didattica.di.unipi.it\/en\/master-programme-in-data-science-and-business-informatics\/lecturers-2\/ricevimento\/#breadcrumb","itemListElement":[{"@type":"ListItem","position":1,"name":"Home","item":"https:\/\/didattica.di.unipi.it\/en\/"},{"@type":"ListItem","position":2,"name":"Master programme in Data Science and Business Informatics","item":"https:\/\/didattica.di.unipi.it\/en\/master-programme-in-data-science-and-business-informatics\/"},{"@type":"ListItem","position":3,"name":"Faculty","item":"https:\/\/didattica.di.unipi.it\/en\/master-programme-in-data-science-and-business-informatics\/lecturers-2\/"},{"@type":"ListItem","position":4,"name":"Ricevimento"}]},{"@type":"WebSite","@id":"https:\/\/didattica.di.unipi.it\/en\/#website","url":"https:\/\/didattica.di.unipi.it\/en\/","name":"Area Didattica - Dipartimento di Informatica","description":"Ecco un altro sito Dipartimento di Informatica siti","potentialAction":[{"@type":"SearchAction","target":{"@type":"EntryPoint","urlTemplate":"https:\/\/didattica.di.unipi.it\/en\/?s={search_term_string}"},"query-input":{"@type":"PropertyValueSpecification","valueRequired":true,"valueName":"search_term_string"}}],"inLanguage":"en-US"}]}},"acf":[],"jetpack_sharing_enabled":true,"publishpress_future_action":{"enabled":false,"date":"2026-04-13 13:09:29","action":"change-status","newStatus":"draft","terms":[],"taxonomy":"translation_priority","extraData":[]},"publishpress_future_workflow_manual_trigger":{"enabledWorkflows":[]},"_links":{"self":[{"href":"https:\/\/didattica.di.unipi.it\/en\/wp-json\/wp\/v2\/pages\/16192","targetHints":{"allow":["GET"]}}],"collection":[{"href":"https:\/\/didattica.di.unipi.it\/en\/wp-json\/wp\/v2\/pages"}],"about":[{"href":"https:\/\/didattica.di.unipi.it\/en\/wp-json\/wp\/v2\/types\/page"}],"author":[{"embeddable":true,"href":"https:\/\/didattica.di.unipi.it\/en\/wp-json\/wp\/v2\/users\/1"}],"replies":[{"embeddable":true,"href":"https:\/\/didattica.di.unipi.it\/en\/wp-json\/wp\/v2\/comments?post=16192"}],"version-history":[{"count":3,"href":"https:\/\/didattica.di.unipi.it\/en\/wp-json\/wp\/v2\/pages\/16192\/revisions"}],"predecessor-version":[{"id":23536,"href":"https:\/\/didattica.di.unipi.it\/en\/wp-json\/wp\/v2\/pages\/16192\/revisions\/23536"}],"up":[{"embeddable":true,"href":"https:\/\/didattica.di.unipi.it\/en\/wp-json\/wp\/v2\/pages\/12392"}],"wp:attachment":[{"href":"https:\/\/didattica.di.unipi.it\/en\/wp-json\/wp\/v2\/media?parent=16192"}],"curies":[{"name":"wp","href":"https:\/\/api.w.org\/{rel}","templated":true}]}}