{"id":16116,"date":"2014-07-13T08:06:15","date_gmt":"2014-07-13T06:06:15","guid":{"rendered":"https:\/\/didattica.di.unipi.it\/masterapp-2\/studenti-3\/presentazione\/"},"modified":"2014-07-13T08:06:15","modified_gmt":"2014-07-13T06:06:15","slug":"presentazione","status":"publish","type":"page","link":"https:\/\/didattica.di.unipi.it\/en\/masterapp-2\/studenti-3\/presentazione\/","title":{"rendered":"Presentazione"},"content":{"rendered":"<p>Il master si rivolge a giovani laureati e a professionisti gi\u00e0 operanti nel settore dell&#8217;Information and Communication Technology che intendano acquisire competenze o riqualificarsi nel settore delle <strong>applicazioni per dispositivi mobili<\/strong>. Sono previsti corsi sugli aspetti tecnologici (esame delle architetture dei dispositivi mobili pi\u00f9 comuni, dei rispettivi linguaggi e framework di programmazione, ambienti di sviluppo, infrastrutture per il deployment), sociali (presentazione di applicazioni tipiche, con particolare enfasi sugli aspetti di social networking e di geolocalizzazione), di design (modalit\u00e0 innovative di interazione, interfacce touch e basate su sensori), di marketing (modalit\u00e0 di distribuzione e vendita delle applicazioni tramite i diversi app store, mercato pubblicitario legato alla mobilit\u00e0) e di imprenditorialit\u00e0 (aspetti legali e di management d&#8217;impresa, con particolare enfasi su storie di successo legate al territorio).<\/p>\n<p>Verranno inoltre affrontati i temi legati alla produzione di app per i pi\u00f9 recenti sviluppi delle tecnologie mobile:&nbsp;<strong>dispositivi wearable<\/strong> (smartwatch, fitness band),&nbsp;<strong>settore automotive<\/strong> (CarPlay, Android Auto, Windows Embedded Automotive),&nbsp;<strong>smart TV<\/strong> (Apple TV, Android TV), nonch\u00e9 l&#8217;interazione fra dispositivi mobili e&nbsp;<strong>applicazioni cloud<\/strong>. L&#8217;edizione 2016\/17 offre anche corsi estesi legati alla&nbsp;<strong>sensoristica<\/strong> e allo sviluppo di&nbsp;<strong>smart objects<\/strong> (programmazione embedded e Internet of Things).<\/p>\n<p>Alla <strong>didattica frontale<\/strong>, erogata da docenti dell&#8217;Ateneo e da professionisti dal settore e alle <strong>attivit\u00e0 pratiche di laboratorio<\/strong>, si affiancano &nbsp;una <strong>attivit\u00e0 di tirocinio<\/strong> da svolgersi sotto la supervisione e con la collaborazione di alcune aziende in convenzione, e una <strong>attivit\u00e0 progettuale<\/strong> (realizzazione \u2013 dall&#8217;analisi alla distribuzione agli utenti \u2013 di un&#8217;applicazione mobile, wearable o su smart object) che costituisce anche prova finale del Master. Una parte dell&#8217;attivit\u00e0 verr\u00e0 svolta nel&nbsp;<em>Maker&#8217;s garage<\/em>, sotto forma di sviluppo, in gruppo, di una commessa reale che unisca realizzazione di smart gadgets, della corrispondente infrastruttura cloud, e delle app mobili per il controllo da parte degli utenti.<\/p>\n<p>I partecipanti che avranno con successo seguito le attivit\u00e0 formative previste avranno acquisito tutte le competenze necessarie a progettare, sviluppare, distribuire e manutenere applicazioni per dispositivi mobili, sia dedicate all&#8217;utenza finale, che integrate in sistemi informativi aziendali anche di grandi dimensioni.<\/p>\n<h2>Ambito occupazionale<\/h2>\n<p><img loading=\"lazy\" decoding=\"async\" src=\"\/images\/gs.png\" alt=\"\" width=\"390\" height=\"226\" style=\"float: right;\" \/><\/p>\n<p>Il settore delle applicazioni mobili, e in particolare di quelle destinate a dispositivi di grande potenza e a costo relativamente basso quali <strong>smartphone<\/strong> e <strong>tablet<\/strong>, ha registrato una crescita tumultuosa. Le principali aziende del settore hanno visto aumentare quote di mercato e utili in maniera significativa, e Gartner Group ha previsto vendite per 2.5 miliardi di nuovi dispositivi di questo tipo in ciascuno degli anni 2015, 2016 e 2017.<\/p>\n<p>Il mercato delle applicazioni in mobilit\u00e0, oltre ad essere in forte crescita, ha anche delle barriere all&#8217;ingresso particolarmente basse, spesso nell&#8217;ordine di poche centinaia di euro, e costituisce un segmento industriale straordinariamente promettente in cui non sono richiesti grandi capitali, ma grandi competenze e buone idee. I due app store maggiori, quelli di Apple e Google, intermediano ormai acquisti per oltre 25 miliardi di dollari l&#8217;anno. E queste cifre non comprendono il valore delle app commissionate per usi aziendali, n\u00e8 la vendita di beni e servizi all&#8217;interno delle app stesse.<\/p>\n<p>La Toscana ha confermato in questo settore la sua vocazione all&#8217;innovazione, testimoniando la nascita di numerose start-up (anche formate da studenti dell&#8217;Ateneo pisano) che alimentano una consistente e continua domanda di competenze.<\/p>\n<p>Mentre il settore consumer \u00e8 in fase di progressiva maturazione, l&#8217;uso di strumenti di mobilit\u00e0 nel settore business \u00e8 nella fase iniziale di crescita, e per questo ancor pi\u00f9 promettente. Applicazioni di tipo generalista per la produttivit\u00e0 individuale (&#8220;Personal Digital Assistant&#8221;) sono disponibili da tempo, ma si apre adesso un intero mercato per applicazioni specializzate, e in particolare per applicazioni in mobilit\u00e0 che si integrino con i sistemi informativi aziendali esistenti, fornendo al personale &#8220;sul campo&#8221; l&#8217;accesso diretto ai dati e alle procedure di cui hanno bisogno. Ancora embrionale \u00e8 invece il settore delle applicazioni per dispositivi wearable, di cui pure si attende una crescita significativa nei prossimi mesi, e automotive. Si tratta di tecnologie nuovissime, e il Master costituisce la prima offerta di formazione al riguardo nel panorama italiano. Infine, la realizzazione di <em>smart objects<\/em>, e del corrispondente movimento dei&nbsp;<em>makers<\/em>, \u00e8 uno sguardo al futuro dei prossimi anni. Non esistono al momento flussi commerciali significativi, ma Gartner prevede entro il 2020 che 26 miliardi di oggetti saranno collegati alla rete globale. Il Master fornisce per la prima volta competenze e strumenti per realizzare i propri <em>smart objects<\/em>, controllarli tramite applicazioni mobili e wearable, e interfacciarli con sistemi cloud.<\/p>\n","protected":false},"excerpt":{"rendered":"<p>Il master si rivolge a giovani laureati e a professionisti gi\u00e0 operanti nel settore dell&#8217;Information and Communication Technology che intendano&hellip;<\/p>\n<p><a class=\"btn btn-dark btn-sm unipi-read-more-link\" href=\"https:\/\/didattica.di.unipi.it\/en\/masterapp-2\/studenti-3\/presentazione\/\">Read More&#8230;<\/a><\/p>\n","protected":false},"author":1,"featured_media":0,"parent":16021,"menu_order":0,"comment_status":"closed","ping_status":"closed","template":"","meta":{"_acf_changed":false,"footnotes":""},"class_list":["post-16116","page","type-page","status-publish","hentry"],"yoast_head":"<!-- This site is optimized with the Yoast SEO plugin v27.5 - https:\/\/yoast.com\/product\/yoast-seo-wordpress\/ -->\n<title>Presentazione - Area Didattica - Dipartimento di Informatica<\/title>\n<meta name=\"robots\" content=\"index, follow, max-snippet:-1, max-image-preview:large, max-video-preview:-1\" \/>\n<link rel=\"canonical\" href=\"https:\/\/didattica.di.unipi.it\/en\/masterapp-2\/studenti-3\/presentazione\/\" \/>\n<meta property=\"og:locale\" content=\"en_US\" \/>\n<meta property=\"og:type\" content=\"article\" \/>\n<meta property=\"og:title\" content=\"Presentazione - Area Didattica - Dipartimento di Informatica\" \/>\n<meta property=\"og:description\" content=\"Il master si rivolge a giovani laureati e a professionisti gi\u00e0 operanti nel settore dell&#8217;Information and Communication Technology che intendano&hellip;Read More...\" \/>\n<meta property=\"og:url\" content=\"https:\/\/didattica.di.unipi.it\/en\/masterapp-2\/studenti-3\/presentazione\/\" \/>\n<meta property=\"og:site_name\" content=\"Area Didattica - Dipartimento di Informatica\" \/>\n<meta property=\"og:image\" content=\"https:\/\/didattica.di.unipi.it\/images\/gs.png\" \/>\n<meta name=\"twitter:card\" content=\"summary_large_image\" \/>\n<meta name=\"twitter:label1\" content=\"Est. reading time\" \/>\n\t<meta name=\"twitter:data1\" content=\"4 minutes\" \/>\n<script type=\"application\/ld+json\" class=\"yoast-schema-graph\">{\"@context\":\"https:\\\/\\\/schema.org\",\"@graph\":[{\"@type\":\"WebPage\",\"@id\":\"https:\\\/\\\/didattica.di.unipi.it\\\/en\\\/masterapp-2\\\/studenti-3\\\/presentazione\\\/\",\"url\":\"https:\\\/\\\/didattica.di.unipi.it\\\/en\\\/masterapp-2\\\/studenti-3\\\/presentazione\\\/\",\"name\":\"Presentazione - Area Didattica - Dipartimento di Informatica\",\"isPartOf\":{\"@id\":\"https:\\\/\\\/didattica.di.unipi.it\\\/en\\\/#website\"},\"datePublished\":\"2014-07-13T06:06:15+00:00\",\"breadcrumb\":{\"@id\":\"https:\\\/\\\/didattica.di.unipi.it\\\/en\\\/masterapp-2\\\/studenti-3\\\/presentazione\\\/#breadcrumb\"},\"inLanguage\":\"en-US\",\"potentialAction\":[{\"@type\":\"ReadAction\",\"target\":[\"https:\\\/\\\/didattica.di.unipi.it\\\/en\\\/masterapp-2\\\/studenti-3\\\/presentazione\\\/\"]}]},{\"@type\":\"BreadcrumbList\",\"@id\":\"https:\\\/\\\/didattica.di.unipi.it\\\/en\\\/masterapp-2\\\/studenti-3\\\/presentazione\\\/#breadcrumb\",\"itemListElement\":[{\"@type\":\"ListItem\",\"position\":1,\"name\":\"Home\",\"item\":\"https:\\\/\\\/didattica.di.unipi.it\\\/en\\\/\"},{\"@type\":\"ListItem\",\"position\":2,\"name\":\"Masterapp\",\"item\":\"https:\\\/\\\/didattica.di.unipi.it\\\/en\\\/masterapp-2\\\/\"},{\"@type\":\"ListItem\",\"position\":3,\"name\":\"Studenti\",\"item\":\"https:\\\/\\\/didattica.di.unipi.it\\\/en\\\/masterapp-2\\\/studenti-3\\\/\"},{\"@type\":\"ListItem\",\"position\":4,\"name\":\"Presentazione\"}]},{\"@type\":\"WebSite\",\"@id\":\"https:\\\/\\\/didattica.di.unipi.it\\\/en\\\/#website\",\"url\":\"https:\\\/\\\/didattica.di.unipi.it\\\/en\\\/\",\"name\":\"Area Didattica - Dipartimento di Informatica\",\"description\":\"Ecco un altro sito Dipartimento di Informatica siti\",\"potentialAction\":[{\"@type\":\"SearchAction\",\"target\":{\"@type\":\"EntryPoint\",\"urlTemplate\":\"https:\\\/\\\/didattica.di.unipi.it\\\/en\\\/?s={search_term_string}\"},\"query-input\":{\"@type\":\"PropertyValueSpecification\",\"valueRequired\":true,\"valueName\":\"search_term_string\"}}],\"inLanguage\":\"en-US\"}]}<\/script>\n<!-- \/ Yoast SEO plugin. -->","yoast_head_json":{"title":"Presentazione - Area Didattica - Dipartimento di Informatica","robots":{"index":"index","follow":"follow","max-snippet":"max-snippet:-1","max-image-preview":"max-image-preview:large","max-video-preview":"max-video-preview:-1"},"canonical":"https:\/\/didattica.di.unipi.it\/en\/masterapp-2\/studenti-3\/presentazione\/","og_locale":"en_US","og_type":"article","og_title":"Presentazione - Area Didattica - Dipartimento di Informatica","og_description":"Il master si rivolge a giovani laureati e a professionisti gi\u00e0 operanti nel settore dell&#8217;Information and Communication Technology che intendano&hellip;Read More...","og_url":"https:\/\/didattica.di.unipi.it\/en\/masterapp-2\/studenti-3\/presentazione\/","og_site_name":"Area Didattica - Dipartimento di Informatica","og_image":[{"url":"https:\/\/didattica.di.unipi.it\/images\/gs.png","type":"","width":"","height":""}],"twitter_card":"summary_large_image","twitter_misc":{"Est. reading time":"4 minutes"},"schema":{"@context":"https:\/\/schema.org","@graph":[{"@type":"WebPage","@id":"https:\/\/didattica.di.unipi.it\/en\/masterapp-2\/studenti-3\/presentazione\/","url":"https:\/\/didattica.di.unipi.it\/en\/masterapp-2\/studenti-3\/presentazione\/","name":"Presentazione - Area Didattica - Dipartimento di Informatica","isPartOf":{"@id":"https:\/\/didattica.di.unipi.it\/en\/#website"},"datePublished":"2014-07-13T06:06:15+00:00","breadcrumb":{"@id":"https:\/\/didattica.di.unipi.it\/en\/masterapp-2\/studenti-3\/presentazione\/#breadcrumb"},"inLanguage":"en-US","potentialAction":[{"@type":"ReadAction","target":["https:\/\/didattica.di.unipi.it\/en\/masterapp-2\/studenti-3\/presentazione\/"]}]},{"@type":"BreadcrumbList","@id":"https:\/\/didattica.di.unipi.it\/en\/masterapp-2\/studenti-3\/presentazione\/#breadcrumb","itemListElement":[{"@type":"ListItem","position":1,"name":"Home","item":"https:\/\/didattica.di.unipi.it\/en\/"},{"@type":"ListItem","position":2,"name":"Masterapp","item":"https:\/\/didattica.di.unipi.it\/en\/masterapp-2\/"},{"@type":"ListItem","position":3,"name":"Studenti","item":"https:\/\/didattica.di.unipi.it\/en\/masterapp-2\/studenti-3\/"},{"@type":"ListItem","position":4,"name":"Presentazione"}]},{"@type":"WebSite","@id":"https:\/\/didattica.di.unipi.it\/en\/#website","url":"https:\/\/didattica.di.unipi.it\/en\/","name":"Area Didattica - Dipartimento di Informatica","description":"Ecco un altro sito Dipartimento di Informatica siti","potentialAction":[{"@type":"SearchAction","target":{"@type":"EntryPoint","urlTemplate":"https:\/\/didattica.di.unipi.it\/en\/?s={search_term_string}"},"query-input":{"@type":"PropertyValueSpecification","valueRequired":true,"valueName":"search_term_string"}}],"inLanguage":"en-US"}]}},"acf":[],"jetpack_sharing_enabled":true,"publishpress_future_action":{"enabled":false,"date":"2026-05-05 20:37:38","action":"change-status","newStatus":"draft","terms":[],"taxonomy":"translation_priority","extraData":[]},"publishpress_future_workflow_manual_trigger":{"enabledWorkflows":[]},"_links":{"self":[{"href":"https:\/\/didattica.di.unipi.it\/en\/wp-json\/wp\/v2\/pages\/16116","targetHints":{"allow":["GET"]}}],"collection":[{"href":"https:\/\/didattica.di.unipi.it\/en\/wp-json\/wp\/v2\/pages"}],"about":[{"href":"https:\/\/didattica.di.unipi.it\/en\/wp-json\/wp\/v2\/types\/page"}],"author":[{"embeddable":true,"href":"https:\/\/didattica.di.unipi.it\/en\/wp-json\/wp\/v2\/users\/1"}],"replies":[{"embeddable":true,"href":"https:\/\/didattica.di.unipi.it\/en\/wp-json\/wp\/v2\/comments?post=16116"}],"version-history":[{"count":0,"href":"https:\/\/didattica.di.unipi.it\/en\/wp-json\/wp\/v2\/pages\/16116\/revisions"}],"up":[{"embeddable":true,"href":"https:\/\/didattica.di.unipi.it\/en\/wp-json\/wp\/v2\/pages\/16021"}],"wp:attachment":[{"href":"https:\/\/didattica.di.unipi.it\/en\/wp-json\/wp\/v2\/media?parent=16116"}],"curies":[{"name":"wp","href":"https:\/\/api.w.org\/{rel}","templated":true}]}}