{"id":16097,"date":"2014-07-13T16:41:35","date_gmt":"2014-07-13T14:41:35","guid":{"rendered":"https:\/\/didattica.di.unipi.it\/masterapp-2014-2015\/studenti-4\/docenti-3\/"},"modified":"2014-07-13T16:41:35","modified_gmt":"2014-07-13T14:41:35","slug":"docenti-3","status":"publish","type":"page","link":"https:\/\/didattica.di.unipi.it\/en\/masterapp-2014-2015\/studenti-4\/docenti-3\/","title":{"rendered":"Docenti"},"content":{"rendered":"<p>I docenti del Master provengono dall&#8217;Universit\u00e0 di Pisa, dalla SSSUP S.Anna, dal CNR e da alcune imprese; alcuni fra i corsi in programma prevedono poi presentazioni da parte di imprenditori del settore e di esponenti delle PA sulle loro esperienze &#8220;in trincea&#8221;.<\/p>\n<div class=\"docgrp\">\n<h3>Universit\u00e0 di Pisa<\/h3>\n<h4>Dipartimento di Informatica<\/h4>\n<p class=\"ppl\"><img decoding=\"async\" src=\"\/images\/slider\/slider-app\/cardaci.jpg\" alt=\"Cardaci\" class=\"ppl\" \/><span class=\"ppl\"><a href=\"https:\/\/plus.google.com\/+AndreaCardaci\">Andrea Cardaci<\/a><\/span> \u00e8 laureato in Informatica, e svolge attivit\u00e0 freelance come sviluppatore e formatore su Android.<\/p>\n<p class=\"ppl\"><img decoding=\"async\" src=\"\/images\/slider\/slider-app\/cisternino.jpg\" alt=\"Cisternino\" class=\"ppl\" \/><span class=\"ppl\"><a href=\"~cisterni\" target=\"out\" rel=\"noopener noreferrer\">Antonio Cisternino<\/a><\/span> \u00e8 ricercatore presso il Dipartimento di Informatica dell&#8217;Universit\u00e0 di Pisa. Si occupa principalmente di meta-programming e domain-specific languages. Attivo nella comunit\u00e0 .NET dal 2001, ha realizzato per questo ambiente VSLab (un add-in per Visual Studio per la programmazione interattiva in F#), Robotic4.NET (un framework per la programmazione di robot) e Annnotated C#, una versione estesa del linguaggio C#. Insieme a Don Syme, il creatore di F#, ha pubblicato il volume &#8220;Expert F#&#8221;. Da alcuni anni si occupa di data center design e cloud computing.<\/p>\n<p class=\"ppl\"><img decoding=\"async\" src=\"\/images\/slider\/slider-app\/cocco.jpg\" alt=\"Cocco\" class=\"ppl\" \/><span class=\"ppl\"><a href=\"http:\/\/www.gabrielecocco.it\/\">Gabriele Cocco<\/a><\/span> frequenta il Dottorato di ricerca in Informatica. Sviluppatore iOS e raffinato fotografo, ha collaborato con Intel, AMD e Microsoft su temi legati all&#8217;high-performance computing.<\/p>\n<p class=\"ppl\"><img decoding=\"async\" src=\"\/images\/slider\/slider-app\/gervasi.jpg\" alt=\"Gervasi\" class=\"ppl\" \/><span class=\"ppl\"><a href=\"~gervasi\" target=\"out\" rel=\"noopener noreferrer\">Vincenzo Gervasi<\/a><\/span> \u00e8 ricercatore presso il Dipartimento di Informatica dell&#8217;Universit\u00e0 di Pisa. I suoi interessi di ricerca riguardano l&#8217;ingegneria del software (in particolare, l&#8217;ingegneria dei requisiti), le specifiche formali, la programmazione in ambiente distribuito. Ha insegnato corsi di programmazione (Assembler, E, Pascal, C, Java \u0097 ma mai i suoi linguaggi favoriti) pubblicando anche diversi testi didattici; di ingegneria del software; di progettazione di applicazioni distribuite. Pare che ami il Barocco nella musica, nella cucina, e nel software.<\/p>\n<p class=\"ppl\"><img decoding=\"async\" src=\"\/images\/slider\/slider-app\/morelli.jpg\" alt=\"Morelli\" class=\"ppl\" \/><span class=\"ppl\"><a href=\"http:\/\/www.davidemorelli.it\/\" target=\"out\" rel=\"noopener noreferrer\">Davide Morelli<\/a><\/span>, fondatore e proprietario di <a href=\"http:\/\/www.parser.it\" target=\"out\" rel=\"noopener noreferrer\">Parser srl<\/a>, e cofondatore di <a href=\"http:\/\/biobeats.com\/\">BioBeats<\/a>, \u00e8 specializzato in tecniche di virtualizzazione e gestion di cluster per high performance computing, nella realizzazione di applicazioni distribuite su ambiente .NET, e nello sviluppo di applicazioni mobili che integrano dati biometrici. Nel (poco) tempo libero, si dedica alla composizione musicale (musica acustica e digitale) e al sassofono, strumento in cui \u00e8 diplomato. \u00c8 iscritto al Dottorato di ricerca in Informatica dell&#8217;Universit\u00e0 di Pisa.<\/p>\n<p class=\"ppl\"><img decoding=\"async\" src=\"\/images\/slider\/slider-app\/simi.jpg\" alt=\"Simi\" \/><span class=\"ppl\"><a href=\"~simi\" target=\"out\" rel=\"noopener noreferrer\">Maria Simi<\/a><\/span> \u00e8 professore associato di Informatica presso il Dipartimento di Informatica dell&#8217;Universit\u00e0 di Pisa. Si occupa di intelligenza artificiale e di tecnologie per il web. Ha contribuito a fondare il corso di Laurea in Informatica Umanistica, presso cui insegna corsi di programmazione.<\/p>\n<h4>Centro Ricerche &#8220;E. Piaggio&#8221;<\/h4>\n<p class=\"ppl\"><img decoding=\"async\" src=\"\/images\/slider\/slider-app\/mazzei.jpg\" alt=\"Mazzei\" \/><span class=\"ppl\"><a href=\"http:\/\/www.danielemazzei.it\/\" target=\"out\" rel=\"noopener noreferrer\">Daniele Mazzei<\/a><\/span>, ingegnere biomedico, ha lavorato in ambiti diversi come il volo parabolico, le tecniche di microfabbricazione cellulare, il controllo di reattori cellulari ad alto throughput, le applicazioni della robotica alla terapia psicologica (in particolare, nei bambini).<\/p>\n<p><\/p>\n<\/div>\n<div class=\"docgrp\">\n<h3>Scuola Superiore Sant&#8217;Anna<\/h3>\n<p class=\"ppl\"><img decoding=\"async\" src=\"\/images\/slider\/slider-app\/piccaluga.jpg\" alt=\"Piccaluga\" \/><span class=\"ppl\"><a href=\"http:\/\/www.main.sssup.it\/andreapiccaluga\/\" target=\"out\" rel=\"noopener noreferrer\">Andrea Piccaluga<\/a><\/span> \u00e8 Full Professor in Business Administration and Innovation Management presso la <a href=\"http:\/\/www.sssup.it\" target=\"out\" rel=\"noopener noreferrer\">Scuola Superiore Sant&#8217;Anna<\/a>, Pisa; \u00e8 Presidente della <a href=\"http:\/\/www.siafvolterra.eu\/\" target=\"out\" rel=\"noopener noreferrer\">SIAF &#8211; Scuola Internazionale di Alta Formazione<\/a>, Volterra; coordinatore del Corso di dottorato in <a href=\"http:\/\/www.phdmanagement.sssup.it\/\" target=\"out\" rel=\"noopener noreferrer\">Management, Competitiveness and Development<\/a> e membro del Consiglio di amministrazione di <a href=\"http:\/\/www.netval.it\/\" target=\"out\" rel=\"noopener noreferrer\">Netval<\/a>.<\/p>\n<\/div>\n<div class=\"docgrp\">\n<h3>Consiglio Nazionale delle Ricerche<\/h3>\n<h4>Istituto di Scienza e Tecnologie dell&#8217;Informazione &#8220;A. Faedo&#8221;<\/h4>\n<p class=\"ppl\"><img decoding=\"async\" src=\"\/images\/slider\/slider-app\/rinzivillo.jpg\" alt=\"Rinzivillo\" \/><span class=\"ppl\"><a href=\"http:\/\/www-kdd.isti.cnr.it\/people\/rinzivillo-salvatore\" target=\"out\" rel=\"noopener noreferrer\">Salvatore Rinzivillo<\/a><\/span> ha lavorato a lungo sull&#8217;estrazione di informazione da database, con particolare attenzione ai dati di geolocalizzazione e alle applicazioni in mobilit\u00e0. Le tecniche sviluppate per consentire l&#8217;analisi dei dati mantenendo la privacy dei soggetti a cui i dati appartengono hanno ricevuto importanti riconoscimenti sia sul piano scientifico che sociale.<\/p>\n<\/div>\n<div class=\"docgrp\">\n<h3>Professionisti<\/h3>\n<p><!-- \n\n<p class=\"ppl\"><img decoding=\"async\" style=\"float: left; margin: 8px; width: 90px;\" src=\"\/images\/slider\/slider-app\/picchi.jpg\" alt=\"Picchi\" \/><span class=\"ppl\"><a href=\"http:\/\/www.andreapicchi.it\/\" target=\"out\" rel=\"noopener noreferrer\">Andrea Picchi<\/a><\/span> ha iniziato la sua carriera come graphic designer e poi web designer; al lancio del primo iPhone, si dedica al mobile web design, e in seguito allo sviluppo di applicazioni native per iOS. Ha pubblicato&nbsp;<a href=\"http:\/\/www.andreapicchi.it\/2011\/05\/pro-iphone-ipad-web-design-and-develppment\/\" target=\"out\" rel=\"noopener noreferrer\">Pro iPhone &amp; iPad Web Design and Development: HTML5, CSS3 and Javascript with Safari<\/a>.&nbsp;Con una doppia formazione in Psicologia (Universit\u00e0 di Padova) ed Informatica (Universit\u00e0 di Pisa) il suo approccio al design di interazione si basa sull\u2019integrazione dei concetti alla base della Psicologia Cognitiva e Sociale per incrementare ed ottimizzare i livelli di User eXperience nei progetti basati su tecnologia Touch Screen (Mobile App, Domotica, Ubiquitous Computing).<\/p>\n\n --> <!-- \n\n<p class=\"ppl\" style=\"clear: left;\"><img decoding=\"async\" style=\"float: left; margin: 8px; width: 90px;\" src=\"\/images\/slider\/slider-app\/ricco.jpg\" alt=\"Ricco\" \/><span class=\"ppl\"><a href=\"http:\/\/www.linkedin.com\/in\/alessioricco\" target=\"out\" rel=\"noopener noreferrer\">Alessio Ricco<\/a><\/span> lavora come freelance nel software design (specialmente applicazioni enterprise, web e mobili), con un particolare interesse per le applicazioni .NET e su Titanium Appcelerator. Passa con disinvoltura dalla cattedra alle assi del palcoscenico (non che fra i due ruoli ci sia poi molta differenza).<\/p>\n\n --><\/p>\n<p class=\"ppl\"><img decoding=\"async\" src=\"\/images\/slider\/slider-app\/vanboxel.jpg\" alt=\"VanBoxel\" \/><span class=\"ppl\"><a href=\"http:\/\/studiovanboxel.com\" target=\"out\" rel=\"noopener noreferrer\">Theo van Boxel<\/a><\/span> lavora nel settore della progettazione grafica e web design, temi su cui ha anche insegnato corsi per il corso di laurea in Informatica Umanistica dell&#8217;Universit\u00e0 di Pisa. Si \u00e8 specializzato nella grafica per applicazioni su dispositivi mobili.<\/p>\n<p class=\"ppl\"><img decoding=\"async\" src=\"\/images\/slider\/slider-app\/zingarini.jpg\" alt=\"Zingarini\" \/><span class=\"ppl\">Stefano Zingarini<\/span>, ingegnere, \u00e8 responsabile dell&#8217;Area Mobile presso <a href=\"http:\/\/www.apparound.it\">Apparound<\/a>, azienda attiva nel settore dell&#8217;integrazione fra tecnologie mobili e back-end aziendali. Si occupa inoltre di tecnologie orientate al web e di data mining per piccole e medie imprese. Nasconde un passato da Sommelier.<\/p>\n<\/div>\n","protected":false},"excerpt":{"rendered":"<p>I docenti del Master provengono dall&#8217;Universit\u00e0 di Pisa, dalla SSSUP S.Anna, dal CNR e da alcune imprese; alcuni fra i&hellip;<\/p>\n<p><a class=\"btn btn-dark btn-sm unipi-read-more-link\" href=\"https:\/\/didattica.di.unipi.it\/en\/masterapp-2014-2015\/studenti-4\/docenti-3\/\">Read More&#8230;<\/a><\/p>\n","protected":false},"author":1,"featured_media":0,"parent":16011,"menu_order":0,"comment_status":"closed","ping_status":"closed","template":"","meta":{"_acf_changed":false,"footnotes":""},"class_list":["post-16097","page","type-page","status-publish","hentry"],"yoast_head":"<!-- This site is optimized with the Yoast SEO plugin v27.3 - https:\/\/yoast.com\/product\/yoast-seo-wordpress\/ -->\n<title>Docenti - Area Didattica - Dipartimento di Informatica<\/title>\n<meta name=\"robots\" content=\"index, follow, max-snippet:-1, max-image-preview:large, max-video-preview:-1\" \/>\n<link rel=\"canonical\" href=\"https:\/\/didattica.di.unipi.it\/en\/masterapp-2014-2015\/studenti-4\/docenti-3\/\" \/>\n<meta property=\"og:locale\" content=\"en_US\" \/>\n<meta property=\"og:type\" content=\"article\" \/>\n<meta property=\"og:title\" content=\"Docenti - Area Didattica - Dipartimento di Informatica\" \/>\n<meta property=\"og:description\" content=\"I docenti del Master provengono dall&#8217;Universit\u00e0 di Pisa, dalla SSSUP S.Anna, dal CNR e da alcune imprese; alcuni fra i&hellip;Read More...\" \/>\n<meta property=\"og:url\" content=\"https:\/\/didattica.di.unipi.it\/en\/masterapp-2014-2015\/studenti-4\/docenti-3\/\" \/>\n<meta property=\"og:site_name\" content=\"Area Didattica - Dipartimento di Informatica\" \/>\n<meta property=\"og:image\" content=\"https:\/\/didattica.di.unipi.it\/images\/slider\/slider-app\/cardaci.jpg\" \/>\n<meta name=\"twitter:card\" content=\"summary_large_image\" \/>\n<meta name=\"twitter:label1\" content=\"Est. reading time\" \/>\n\t<meta name=\"twitter:data1\" content=\"3 minutes\" \/>\n<script type=\"application\/ld+json\" class=\"yoast-schema-graph\">{\"@context\":\"https:\\\/\\\/schema.org\",\"@graph\":[{\"@type\":\"WebPage\",\"@id\":\"https:\\\/\\\/didattica.di.unipi.it\\\/en\\\/masterapp-2014-2015\\\/studenti-4\\\/docenti-3\\\/\",\"url\":\"https:\\\/\\\/didattica.di.unipi.it\\\/en\\\/masterapp-2014-2015\\\/studenti-4\\\/docenti-3\\\/\",\"name\":\"Docenti - Area Didattica - Dipartimento di Informatica\",\"isPartOf\":{\"@id\":\"https:\\\/\\\/didattica.di.unipi.it\\\/en\\\/#website\"},\"datePublished\":\"2014-07-13T14:41:35+00:00\",\"breadcrumb\":{\"@id\":\"https:\\\/\\\/didattica.di.unipi.it\\\/en\\\/masterapp-2014-2015\\\/studenti-4\\\/docenti-3\\\/#breadcrumb\"},\"inLanguage\":\"en-US\",\"potentialAction\":[{\"@type\":\"ReadAction\",\"target\":[\"https:\\\/\\\/didattica.di.unipi.it\\\/en\\\/masterapp-2014-2015\\\/studenti-4\\\/docenti-3\\\/\"]}]},{\"@type\":\"BreadcrumbList\",\"@id\":\"https:\\\/\\\/didattica.di.unipi.it\\\/en\\\/masterapp-2014-2015\\\/studenti-4\\\/docenti-3\\\/#breadcrumb\",\"itemListElement\":[{\"@type\":\"ListItem\",\"position\":1,\"name\":\"Home\",\"item\":\"https:\\\/\\\/didattica.di.unipi.it\\\/en\\\/\"},{\"@type\":\"ListItem\",\"position\":2,\"name\":\"Masterapp 2014\\\/2015\",\"item\":\"https:\\\/\\\/didattica.di.unipi.it\\\/en\\\/masterapp-2014-2015\\\/\"},{\"@type\":\"ListItem\",\"position\":3,\"name\":\"Studenti\",\"item\":\"https:\\\/\\\/didattica.di.unipi.it\\\/en\\\/masterapp-2014-2015\\\/studenti-4\\\/\"},{\"@type\":\"ListItem\",\"position\":4,\"name\":\"Docenti\"}]},{\"@type\":\"WebSite\",\"@id\":\"https:\\\/\\\/didattica.di.unipi.it\\\/en\\\/#website\",\"url\":\"https:\\\/\\\/didattica.di.unipi.it\\\/en\\\/\",\"name\":\"Area Didattica - Dipartimento di Informatica\",\"description\":\"Ecco un altro sito Dipartimento di Informatica siti\",\"potentialAction\":[{\"@type\":\"SearchAction\",\"target\":{\"@type\":\"EntryPoint\",\"urlTemplate\":\"https:\\\/\\\/didattica.di.unipi.it\\\/en\\\/?s={search_term_string}\"},\"query-input\":{\"@type\":\"PropertyValueSpecification\",\"valueRequired\":true,\"valueName\":\"search_term_string\"}}],\"inLanguage\":\"en-US\"}]}<\/script>\n<!-- \/ Yoast SEO plugin. -->","yoast_head_json":{"title":"Docenti - Area Didattica - Dipartimento di Informatica","robots":{"index":"index","follow":"follow","max-snippet":"max-snippet:-1","max-image-preview":"max-image-preview:large","max-video-preview":"max-video-preview:-1"},"canonical":"https:\/\/didattica.di.unipi.it\/en\/masterapp-2014-2015\/studenti-4\/docenti-3\/","og_locale":"en_US","og_type":"article","og_title":"Docenti - Area Didattica - Dipartimento di Informatica","og_description":"I docenti del Master provengono dall&#8217;Universit\u00e0 di Pisa, dalla SSSUP S.Anna, dal CNR e da alcune imprese; alcuni fra i&hellip;Read More...","og_url":"https:\/\/didattica.di.unipi.it\/en\/masterapp-2014-2015\/studenti-4\/docenti-3\/","og_site_name":"Area Didattica - Dipartimento di Informatica","og_image":[{"url":"https:\/\/didattica.di.unipi.it\/images\/slider\/slider-app\/cardaci.jpg","type":"","width":"","height":""}],"twitter_card":"summary_large_image","twitter_misc":{"Est. reading time":"3 minutes"},"schema":{"@context":"https:\/\/schema.org","@graph":[{"@type":"WebPage","@id":"https:\/\/didattica.di.unipi.it\/en\/masterapp-2014-2015\/studenti-4\/docenti-3\/","url":"https:\/\/didattica.di.unipi.it\/en\/masterapp-2014-2015\/studenti-4\/docenti-3\/","name":"Docenti - Area Didattica - Dipartimento di Informatica","isPartOf":{"@id":"https:\/\/didattica.di.unipi.it\/en\/#website"},"datePublished":"2014-07-13T14:41:35+00:00","breadcrumb":{"@id":"https:\/\/didattica.di.unipi.it\/en\/masterapp-2014-2015\/studenti-4\/docenti-3\/#breadcrumb"},"inLanguage":"en-US","potentialAction":[{"@type":"ReadAction","target":["https:\/\/didattica.di.unipi.it\/en\/masterapp-2014-2015\/studenti-4\/docenti-3\/"]}]},{"@type":"BreadcrumbList","@id":"https:\/\/didattica.di.unipi.it\/en\/masterapp-2014-2015\/studenti-4\/docenti-3\/#breadcrumb","itemListElement":[{"@type":"ListItem","position":1,"name":"Home","item":"https:\/\/didattica.di.unipi.it\/en\/"},{"@type":"ListItem","position":2,"name":"Masterapp 2014\/2015","item":"https:\/\/didattica.di.unipi.it\/en\/masterapp-2014-2015\/"},{"@type":"ListItem","position":3,"name":"Studenti","item":"https:\/\/didattica.di.unipi.it\/en\/masterapp-2014-2015\/studenti-4\/"},{"@type":"ListItem","position":4,"name":"Docenti"}]},{"@type":"WebSite","@id":"https:\/\/didattica.di.unipi.it\/en\/#website","url":"https:\/\/didattica.di.unipi.it\/en\/","name":"Area Didattica - Dipartimento di Informatica","description":"Ecco un altro sito Dipartimento di Informatica siti","potentialAction":[{"@type":"SearchAction","target":{"@type":"EntryPoint","urlTemplate":"https:\/\/didattica.di.unipi.it\/en\/?s={search_term_string}"},"query-input":{"@type":"PropertyValueSpecification","valueRequired":true,"valueName":"search_term_string"}}],"inLanguage":"en-US"}]}},"acf":[],"jetpack_sharing_enabled":true,"publishpress_future_action":{"enabled":false,"date":"2026-04-12 02:59:22","action":"change-status","newStatus":"draft","terms":[],"taxonomy":"translation_priority","extraData":[]},"publishpress_future_workflow_manual_trigger":{"enabledWorkflows":[]},"_links":{"self":[{"href":"https:\/\/didattica.di.unipi.it\/en\/wp-json\/wp\/v2\/pages\/16097","targetHints":{"allow":["GET"]}}],"collection":[{"href":"https:\/\/didattica.di.unipi.it\/en\/wp-json\/wp\/v2\/pages"}],"about":[{"href":"https:\/\/didattica.di.unipi.it\/en\/wp-json\/wp\/v2\/types\/page"}],"author":[{"embeddable":true,"href":"https:\/\/didattica.di.unipi.it\/en\/wp-json\/wp\/v2\/users\/1"}],"replies":[{"embeddable":true,"href":"https:\/\/didattica.di.unipi.it\/en\/wp-json\/wp\/v2\/comments?post=16097"}],"version-history":[{"count":0,"href":"https:\/\/didattica.di.unipi.it\/en\/wp-json\/wp\/v2\/pages\/16097\/revisions"}],"up":[{"embeddable":true,"href":"https:\/\/didattica.di.unipi.it\/en\/wp-json\/wp\/v2\/pages\/16011"}],"wp:attachment":[{"href":"https:\/\/didattica.di.unipi.it\/en\/wp-json\/wp\/v2\/media?parent=16097"}],"curies":[{"name":"wp","href":"https:\/\/api.w.org\/{rel}","templated":true}]}}