{"id":12304,"date":"2013-07-15T20:25:28","date_gmt":"2013-07-15T18:25:28","guid":{"rendered":"https:\/\/didattica.di.unipi.it\/master-programme-in-business-informatics\/"},"modified":"2025-12-13T08:54:02","modified_gmt":"2025-12-13T07:54:02","slug":"master-programme-in-data-science-and-business-informatics","status":"publish","type":"page","link":"https:\/\/didattica.di.unipi.it\/en\/master-programme-in-data-science-and-business-informatics\/","title":{"rendered":"Master programme in Data Science and Business Informatics"},"content":{"rendered":"<h2 class=\"bgpantone bgtitle py-1 \">Master programme in Data Science and Business Informatics<\/h2><div class=\"box clearfix \"><\/p>\n<p style=\"text-align: justify\">The two-years graduate program in <strong>Data Science and Business Informatics<\/strong> has been designed, since 2002, to meet the growing demand for professionals with an interdisciplinary skill both in computer science and in business management and organisation. These skills are highly required by companies in todays&#8217; increasingly competitive environment, as they aim to make best use of their available data using sophisticated analytics methods. The graduate <strong>&#8220;interclass&#8221; program<\/strong>, satisfying both the &#8220;LM-18 Informatica&#8221; and &#8220;LM-DATA Data Science&#8221; classification of Italian study programs, is focused on <strong>Business Intelligence<\/strong> and <strong>Data Science<\/strong> techniques to support decision making in industries and complex organisations.<\/p>\n<p style=\"text-align: center\"><a style=\"text-align: justify\" href=\"\/index.php?option=com_content&amp;view=article&amp;id=436&amp;Itemid=265&amp;lang=en\">More info &#8230;<\/a>\u00a0 \u00a0 \u00a0 \u00a0 \u00a0 \u00a0 \u00a0 \u00a0 \u00a0<a href=\"\/index.php?option=com_content&amp;view=article&amp;id=402&amp;Itemid=269&amp;lang=en\">F.A.Q.<\/a>\u00a0 \u00a0 \u00a0 \u00a0 \u00a0 \u00a0 \u00a0<strong>Email:<\/strong> <a href=\"mailto:datascience@di.unipi.it\">datascience@di.unipi.it<\/a><\/p>\n<p style=\"text-align: center\"><strong><a href=\"https:\/\/didattica.di.unipi.it\/wp-content\/uploads\/sites\/2\/2025\/09\/WDB_Regolamento_2025_26.pdf\">Study plan rules (\u201cRegolamento\u201d) and students\u2019 guide<\/a><\/strong><\/p>\n<p>Further information is available in the \u2018<strong>Useful information<\/strong>\u2019 drop-down menu (at the top of the page). If viewing on a smartphone or tablet, to access the Useful information section, open the drop-down menu at the top right (\u2630 or \u22ee) and select the corresponding item.<\/p>\n<h2><span class=\"breadcrumb_last\">Enrolment for foreign students<br \/>\n<\/span><\/h2>\n<p>Foreign students can find all the relevant information for enrolling in the following page:<\/p>\n<ul>\n<li><a href=\"https:\/\/didattica.di.unipi.it\/en\/internazionale-new\/degrees-offered-in-english\/\">Enrollment for foreign students for Academic Year 2026\/2027<\/a><\/li>\n<\/ul>\n<h3>Telegram channel<\/h3>\n<p>There is a Telegram channel dedicated to graduate students:<\/p>\n<table style=\"border-collapse: collapse;width: 100%\">\n<tbody>\n<tr>\n<td style=\"width: 7.17916%\"><img loading=\"lazy\" decoding=\"async\" class=\"wp-image-20217 alignleft\" src=\"https:\/\/didattica.di.unipi.it\/wp-content\/uploads\/sites\/2\/2021\/09\/bitmap.png\" alt=\"\" width=\"64\" height=\"64\" \/><\/td>\n<td style=\"width: 188.289%\"><a href=\"https:\/\/t.me\/WDB_LM\">https:\/\/t.me\/WDB_LM<\/a><\/td>\n<\/tr>\n<\/tbody>\n<\/table>\n<p><\/div>\n<h2 class=\"bgpantone bgtitle py-1 \">Latest news<\/h2><div class=\"box clearfix \"><\/p>\n<p><article>\n<div class=\"entry-meta small\"><span class=\"posted-on\"><span class=\"far fa-calendar\"><\/span><span class=\"sr-only\">Posted on<\/span> <time class=\"entry-date published updated\" datetime=\"2024-07-22T12:36:20+02:00\">22 July 2024<\/time><\/span><\/div>\n<h3 class=\"title entry-title\"><a href=\"https:\/\/didattica.di.unipi.it\/en\/quando-luniversita-e-un-buon-investimento\/\" rel=\"bookmark\">Quando l&#8217;Universit\u00e0 \u00e8 un buon investimento<\/a><\/h3>\n<p>L\u2019ultimo Rapporto AlmaLaurea sulla Condizione occupazionale dei laureati evidenzia che le aree disciplinari universitarie che, ad oggi, riescono a garantire&hellip;<\/p><p><a class=\"btn btn-dark btn-sm unipi-read-more-link\" href=\"https:\/\/didattica.di.unipi.it\/en\/quando-luniversita-e-un-buon-investimento\/\">Read More...<\/a><\/p>\n<\/article>\n<article>\n<div class=\"entry-meta small\"><span class=\"posted-on\"><span class=\"far fa-calendar\"><\/span><span class=\"sr-only\">Posted on<\/span> <time class=\"entry-date published updated\" datetime=\"2024-07-04T10:44:02+02:00\">4 July 2024<\/time><\/span><\/div>\n<h3 class=\"title entry-title\"><a href=\"https:\/\/didattica.di.unipi.it\/en\/bando-per-collaborazioni-part-time-studentesche-per-tutorato-di-accoglienza-e-alla-pari-2024-2025\/\" rel=\"bookmark\">Bando per collaborazioni part time studentesche per tutorato di accoglienza e alla pari 2024\/2025<\/a><\/h3>\n<p>Marted\u00ec 2 luglio 2024 \u00e8 stato pubblicato il Bando per collaborazioni part time studentesche per tutorato di accoglienza e alla&hellip;<\/p><p><a class=\"btn btn-dark btn-sm unipi-read-more-link\" href=\"https:\/\/didattica.di.unipi.it\/en\/bando-per-collaborazioni-part-time-studentesche-per-tutorato-di-accoglienza-e-alla-pari-2024-2025\/\">Read More...<\/a><\/p>\n<\/article>\n<article>\n<div class=\"entry-meta small\"><span class=\"posted-on\"><span class=\"far fa-calendar\"><\/span><span class=\"sr-only\">Posted on<\/span> <time class=\"entry-date published updated\" datetime=\"2024-04-08T11:08:40+02:00\">8 April 2024<\/time><\/span><\/div>\n<h3 class=\"title entry-title\"><a href=\"https:\/\/didattica.di.unipi.it\/en\/career-days-2024\/\" rel=\"bookmark\">Career Labs 2024 &#8211; nuovo ciclo!<\/a><\/h3>\n<p>Dal\u00a09 aprile 2024\u00a0ripartono i\u00a0Career Labs\u00a0del Career Service di Ateneo,\u00a0laboratori interattivi\u00a0per aiutarti a\u00a0sviluppare\u00a0lo spirito di intraprendenza\u00a0e\u00a0ad\u00a0iniziare a progettare il tuo futuro&hellip;<\/p><p><a class=\"btn btn-dark btn-sm unipi-read-more-link\" href=\"https:\/\/didattica.di.unipi.it\/en\/career-days-2024\/\">Read More...<\/a><\/p>\n<\/article>\n<article>\n<div class=\"entry-meta small\"><span class=\"posted-on\"><span class=\"far fa-calendar\"><\/span><span class=\"sr-only\">Posted on<\/span> <time class=\"entry-date published updated\" datetime=\"2023-11-16T10:13:42+01:00\">16 November 2023<\/time><\/span><\/div>\n<h3 class=\"title entry-title\"><a href=\"https:\/\/didattica.di.unipi.it\/en\/call-for-admission-for-non-eu-international-students-not-residing-in-italy-a-y-2024-2025\/\" rel=\"bookmark\">Call for admission for non-EU international students not residing in Italy a.y. 2024\/2025<\/a><\/h3>\n<p>From Nov. 15, 2023 to Feb. 15, 2024, the call for admission for non-EU international students not residing in Italy&hellip;<\/p><p><a class=\"btn btn-dark btn-sm unipi-read-more-link\" href=\"https:\/\/didattica.di.unipi.it\/en\/call-for-admission-for-non-eu-international-students-not-residing-in-italy-a-y-2024-2025\/\">Read More...<\/a><\/p>\n<\/article>\n<article>\n<div class=\"entry-meta small\"><span class=\"posted-on\"><span class=\"far fa-calendar\"><\/span><span class=\"sr-only\">Posted on<\/span> <time class=\"entry-date published updated\" datetime=\"2023-08-04T09:32:39+02:00\">4 August 2023<\/time><\/span><\/div>\n<h3 class=\"title entry-title\"><a href=\"https:\/\/didattica.di.unipi.it\/en\/guida-ai-servizi-e-alle-opportunita-per-gli-studenti\/\" rel=\"bookmark\">Guida ai servizi e alle opportunit\u00e0 per gli studenti<\/a><\/h3>\n<p>\u00c8 disponibile la nuova edizione della guida ai servizi e alle opportunit\u00e0 per la comunit\u00e0 studentesca realizzata con la collaborazione&hellip;<\/p><p><a class=\"btn btn-dark btn-sm unipi-read-more-link\" href=\"https:\/\/didattica.di.unipi.it\/en\/guida-ai-servizi-e-alle-opportunita-per-gli-studenti\/\">Read More...<\/a><\/p>\n<\/article>\n<article>\n<div class=\"entry-meta small\"><span class=\"posted-on\"><span class=\"far fa-calendar\"><\/span><span class=\"sr-only\">Posted on<\/span> <time class=\"entry-date published updated\" datetime=\"2023-05-22T12:45:20+02:00\">22 May 2023<\/time><\/span><\/div>\n<h3 class=\"title entry-title\"><a href=\"https:\/\/didattica.di.unipi.it\/en\/marie-sklodowska-curie-actions-postdoctoral-fellowship\/\" rel=\"bookmark\">MARIE SK\u0141ODOWSKA-CURIE ACTIONS &#8211; POSTDOCTORAL FELLOWSHIP<\/a><\/h3>\n<p>Choose the University of Pisa as the host institution for your EU-funded Marie Sk\u0142odowska-Curie Postdoctoral Fellowship! You will be able&hellip;<\/p><p><a class=\"btn btn-dark btn-sm unipi-read-more-link\" href=\"https:\/\/didattica.di.unipi.it\/en\/marie-sklodowska-curie-actions-postdoctoral-fellowship\/\">Read More...<\/a><\/p>\n<\/article><\/p>\n<p class=\"text-center\"><a class=\"btn btn-dark btn-sm unipi-read-more-link\" href=\"https:\/\/didattica.di.unipi.it\/en\/category\/news-wea-en\/\">View all news\u2026<\/a><\/p>\n<p><\/div>\n","protected":false},"excerpt":{"rendered":"<p>&hellip;<\/p>\n<p><a class=\"btn btn-dark btn-sm unipi-read-more-link\" href=\"https:\/\/didattica.di.unipi.it\/en\/marie-sklodowska-curie-actions-postdoctoral-fellowship\/\">Read More&#8230;<\/a><\/p>\n","protected":false},"author":1,"featured_media":0,"parent":0,"menu_order":18,"comment_status":"closed","ping_status":"closed","template":"page-templates\/homepagesidebar.php","meta":{"_acf_changed":false,"footnotes":""},"class_list":["post-12304","page","type-page","status-publish","hentry"],"yoast_head":"<!-- This site is optimized with the Yoast SEO plugin v27.3 - https:\/\/yoast.com\/product\/yoast-seo-wordpress\/ -->\n<title>Master programme in Data Science and Business Informatics - Area Didattica - Dipartimento di Informatica<\/title>\n<meta name=\"robots\" content=\"index, follow, max-snippet:-1, max-image-preview:large, max-video-preview:-1\" \/>\n<link rel=\"canonical\" href=\"https:\/\/didattica.di.unipi.it\/en\/master-programme-in-data-science-and-business-informatics\/\" \/>\n<meta property=\"og:locale\" content=\"en_US\" \/>\n<meta property=\"og:type\" content=\"article\" \/>\n<meta property=\"og:title\" content=\"Master programme in Data Science and Business Informatics - Area Didattica - Dipartimento di Informatica\" \/>\n<meta property=\"og:description\" content=\"&hellip;Read More...\" \/>\n<meta property=\"og:url\" content=\"https:\/\/didattica.di.unipi.it\/en\/master-programme-in-data-science-and-business-informatics\/\" \/>\n<meta property=\"og:site_name\" content=\"Area Didattica - Dipartimento di Informatica\" \/>\n<meta property=\"article:modified_time\" content=\"2025-12-13T07:54:02+00:00\" \/>\n<meta property=\"og:image\" content=\"https:\/\/didattica.di.unipi.it\/wp-content\/uploads\/sites\/2\/2021\/09\/bitmap.png\" \/>\n\t<meta property=\"og:image:width\" content=\"250\" \/>\n\t<meta property=\"og:image:height\" content=\"250\" \/>\n\t<meta property=\"og:image:type\" content=\"image\/png\" \/>\n<meta name=\"twitter:card\" content=\"summary_large_image\" \/>\n<meta name=\"twitter:label1\" content=\"Est. reading time\" \/>\n\t<meta name=\"twitter:data1\" content=\"2 minutes\" \/>\n<script type=\"application\/ld+json\" class=\"yoast-schema-graph\">{\"@context\":\"https:\\\/\\\/schema.org\",\"@graph\":[{\"@type\":\"WebPage\",\"@id\":\"https:\\\/\\\/didattica.di.unipi.it\\\/en\\\/master-programme-in-data-science-and-business-informatics\\\/\",\"url\":\"https:\\\/\\\/didattica.di.unipi.it\\\/en\\\/master-programme-in-data-science-and-business-informatics\\\/\",\"name\":\"Master programme in Data Science and Business Informatics - Area Didattica - Dipartimento di Informatica\",\"isPartOf\":{\"@id\":\"https:\\\/\\\/didattica.di.unipi.it\\\/en\\\/#website\"},\"primaryImageOfPage\":{\"@id\":\"https:\\\/\\\/didattica.di.unipi.it\\\/en\\\/master-programme-in-data-science-and-business-informatics\\\/#primaryimage\"},\"image\":{\"@id\":\"https:\\\/\\\/didattica.di.unipi.it\\\/en\\\/master-programme-in-data-science-and-business-informatics\\\/#primaryimage\"},\"thumbnailUrl\":\"https:\\\/\\\/didattica.di.unipi.it\\\/wp-content\\\/uploads\\\/sites\\\/2\\\/2021\\\/09\\\/bitmap.png\",\"datePublished\":\"2013-07-15T18:25:28+00:00\",\"dateModified\":\"2025-12-13T07:54:02+00:00\",\"breadcrumb\":{\"@id\":\"https:\\\/\\\/didattica.di.unipi.it\\\/en\\\/master-programme-in-data-science-and-business-informatics\\\/#breadcrumb\"},\"inLanguage\":\"en-US\",\"potentialAction\":[{\"@type\":\"ReadAction\",\"target\":[\"https:\\\/\\\/didattica.di.unipi.it\\\/en\\\/master-programme-in-data-science-and-business-informatics\\\/\"]}]},{\"@type\":\"ImageObject\",\"inLanguage\":\"en-US\",\"@id\":\"https:\\\/\\\/didattica.di.unipi.it\\\/en\\\/master-programme-in-data-science-and-business-informatics\\\/#primaryimage\",\"url\":\"https:\\\/\\\/didattica.di.unipi.it\\\/wp-content\\\/uploads\\\/sites\\\/2\\\/2021\\\/09\\\/bitmap.png\",\"contentUrl\":\"https:\\\/\\\/didattica.di.unipi.it\\\/wp-content\\\/uploads\\\/sites\\\/2\\\/2021\\\/09\\\/bitmap.png\"},{\"@type\":\"BreadcrumbList\",\"@id\":\"https:\\\/\\\/didattica.di.unipi.it\\\/en\\\/master-programme-in-data-science-and-business-informatics\\\/#breadcrumb\",\"itemListElement\":[{\"@type\":\"ListItem\",\"position\":1,\"name\":\"Home\",\"item\":\"https:\\\/\\\/didattica.di.unipi.it\\\/en\\\/\"},{\"@type\":\"ListItem\",\"position\":2,\"name\":\"Master programme in Data Science and Business Informatics\"}]},{\"@type\":\"WebSite\",\"@id\":\"https:\\\/\\\/didattica.di.unipi.it\\\/en\\\/#website\",\"url\":\"https:\\\/\\\/didattica.di.unipi.it\\\/en\\\/\",\"name\":\"Area Didattica - Dipartimento di Informatica\",\"description\":\"Ecco un altro sito Dipartimento di Informatica siti\",\"potentialAction\":[{\"@type\":\"SearchAction\",\"target\":{\"@type\":\"EntryPoint\",\"urlTemplate\":\"https:\\\/\\\/didattica.di.unipi.it\\\/en\\\/?s={search_term_string}\"},\"query-input\":{\"@type\":\"PropertyValueSpecification\",\"valueRequired\":true,\"valueName\":\"search_term_string\"}}],\"inLanguage\":\"en-US\"}]}<\/script>\n<!-- \/ Yoast SEO plugin. -->","yoast_head_json":{"title":"Master programme in Data Science and Business Informatics - Area Didattica - Dipartimento di Informatica","robots":{"index":"index","follow":"follow","max-snippet":"max-snippet:-1","max-image-preview":"max-image-preview:large","max-video-preview":"max-video-preview:-1"},"canonical":"https:\/\/didattica.di.unipi.it\/en\/master-programme-in-data-science-and-business-informatics\/","og_locale":"en_US","og_type":"article","og_title":"Master programme in Data Science and Business Informatics - Area Didattica - Dipartimento di Informatica","og_description":"&hellip;Read More...","og_url":"https:\/\/didattica.di.unipi.it\/en\/master-programme-in-data-science-and-business-informatics\/","og_site_name":"Area Didattica - Dipartimento di Informatica","article_modified_time":"2025-12-13T07:54:02+00:00","og_image":[{"width":250,"height":250,"url":"https:\/\/didattica.di.unipi.it\/wp-content\/uploads\/sites\/2\/2021\/09\/bitmap.png","type":"image\/png"}],"twitter_card":"summary_large_image","twitter_misc":{"Est. reading time":"2 minutes"},"schema":{"@context":"https:\/\/schema.org","@graph":[{"@type":"WebPage","@id":"https:\/\/didattica.di.unipi.it\/en\/master-programme-in-data-science-and-business-informatics\/","url":"https:\/\/didattica.di.unipi.it\/en\/master-programme-in-data-science-and-business-informatics\/","name":"Master programme in Data Science and Business Informatics - Area Didattica - Dipartimento di Informatica","isPartOf":{"@id":"https:\/\/didattica.di.unipi.it\/en\/#website"},"primaryImageOfPage":{"@id":"https:\/\/didattica.di.unipi.it\/en\/master-programme-in-data-science-and-business-informatics\/#primaryimage"},"image":{"@id":"https:\/\/didattica.di.unipi.it\/en\/master-programme-in-data-science-and-business-informatics\/#primaryimage"},"thumbnailUrl":"https:\/\/didattica.di.unipi.it\/wp-content\/uploads\/sites\/2\/2021\/09\/bitmap.png","datePublished":"2013-07-15T18:25:28+00:00","dateModified":"2025-12-13T07:54:02+00:00","breadcrumb":{"@id":"https:\/\/didattica.di.unipi.it\/en\/master-programme-in-data-science-and-business-informatics\/#breadcrumb"},"inLanguage":"en-US","potentialAction":[{"@type":"ReadAction","target":["https:\/\/didattica.di.unipi.it\/en\/master-programme-in-data-science-and-business-informatics\/"]}]},{"@type":"ImageObject","inLanguage":"en-US","@id":"https:\/\/didattica.di.unipi.it\/en\/master-programme-in-data-science-and-business-informatics\/#primaryimage","url":"https:\/\/didattica.di.unipi.it\/wp-content\/uploads\/sites\/2\/2021\/09\/bitmap.png","contentUrl":"https:\/\/didattica.di.unipi.it\/wp-content\/uploads\/sites\/2\/2021\/09\/bitmap.png"},{"@type":"BreadcrumbList","@id":"https:\/\/didattica.di.unipi.it\/en\/master-programme-in-data-science-and-business-informatics\/#breadcrumb","itemListElement":[{"@type":"ListItem","position":1,"name":"Home","item":"https:\/\/didattica.di.unipi.it\/en\/"},{"@type":"ListItem","position":2,"name":"Master programme in Data Science and Business Informatics"}]},{"@type":"WebSite","@id":"https:\/\/didattica.di.unipi.it\/en\/#website","url":"https:\/\/didattica.di.unipi.it\/en\/","name":"Area Didattica - Dipartimento di Informatica","description":"Ecco un altro sito Dipartimento di Informatica siti","potentialAction":[{"@type":"SearchAction","target":{"@type":"EntryPoint","urlTemplate":"https:\/\/didattica.di.unipi.it\/en\/?s={search_term_string}"},"query-input":{"@type":"PropertyValueSpecification","valueRequired":true,"valueName":"search_term_string"}}],"inLanguage":"en-US"}]}},"acf":[],"jetpack_sharing_enabled":true,"publishpress_future_action":{"enabled":false,"date":"2026-04-12 23:04:43","action":"change-status","newStatus":"draft","terms":[],"taxonomy":"translation_priority","extraData":[]},"publishpress_future_workflow_manual_trigger":{"enabledWorkflows":[]},"_links":{"self":[{"href":"https:\/\/didattica.di.unipi.it\/en\/wp-json\/wp\/v2\/pages\/12304","targetHints":{"allow":["GET"]}}],"collection":[{"href":"https:\/\/didattica.di.unipi.it\/en\/wp-json\/wp\/v2\/pages"}],"about":[{"href":"https:\/\/didattica.di.unipi.it\/en\/wp-json\/wp\/v2\/types\/page"}],"author":[{"embeddable":true,"href":"https:\/\/didattica.di.unipi.it\/en\/wp-json\/wp\/v2\/users\/1"}],"replies":[{"embeddable":true,"href":"https:\/\/didattica.di.unipi.it\/en\/wp-json\/wp\/v2\/comments?post=12304"}],"version-history":[{"count":36,"href":"https:\/\/didattica.di.unipi.it\/en\/wp-json\/wp\/v2\/pages\/12304\/revisions"}],"predecessor-version":[{"id":28493,"href":"https:\/\/didattica.di.unipi.it\/en\/wp-json\/wp\/v2\/pages\/12304\/revisions\/28493"}],"wp:attachment":[{"href":"https:\/\/didattica.di.unipi.it\/en\/wp-json\/wp\/v2\/media?parent=12304"}],"curies":[{"name":"wp","href":"https:\/\/api.w.org\/{rel}","templated":true}]}}